{"id":3,"date":"2020-02-17T12:16:19","date_gmt":"2020-02-17T11:16:19","guid":{"rendered":"https:\/\/centrotice.it\/?page_id=3"},"modified":"2022-11-17T11:30:34","modified_gmt":"2022-11-17T10:30:34","slug":"privacy-policy","status":"publish","type":"page","link":"https:\/\/centrotice.it\/en\/privacy-policy\/","title":{"rendered":"Privacy Policy"},"content":{"rendered":"<div data-elementor-type=\"wp-page\" data-elementor-id=\"3\" class=\"elementor elementor-3\">\n\t\t\t\t\t\t<div class=\"elementor-inner\">\n\t\t\t\t<div class=\"elementor-section-wrap\">\n\t\t\t\t\t\t\t\t\t<section class=\"elementor-section elementor-top-section elementor-element elementor-element-32dcc35 elementor-section-boxed elementor-section-height-default elementor-section-height-default\" data-id=\"32dcc35\" data-element_type=\"section\">\n\t\t\t\t\t\t<div class=\"elementor-container elementor-column-gap-default\">\n\t\t\t\t\t\t\t<div class=\"elementor-row\">\n\t\t\t\t\t<div class=\"elementor-column elementor-col-100 elementor-top-column elementor-element elementor-element-117e2849\" data-id=\"117e2849\" data-element_type=\"column\">\n\t\t\t<div class=\"elementor-column-wrap elementor-element-populated\">\n\t\t\t\t\t\t\t<div class=\"elementor-widget-wrap\">\n\t\t\t\t\t\t<div class=\"elementor-element elementor-element-6fdf288f elementor-widget elementor-widget-text-editor\" data-id=\"6fdf288f\" data-element_type=\"widget\" data-widget_type=\"text-editor.default\">\n\t\t\t\t<div class=\"elementor-widget-container\">\n\t\t\t\t\t\t\t\t<div class=\"elementor-text-editor elementor-clearfix\">\n\t\t\t\t<h1>INFORMATIVA SUL TRATTAMENTO DEI DATI PERSONALI DEI VISITATORI DEL SITO AI SENSI DEL REGOLAMENTO (UE) 2016\/679 (&#8220;GDPR&#8221;)<\/h1><ol style=\"counter-reset: item; line-height: 20px;\"><li><h3>INTRODUZIONE<\/h3><p><label><br \/>Ai sensi dell&#8217;art. 13 del Regolamento (UE) 2016\/679, relativo alla protezione delle persone fisiche con riguardo al trattamento dei dati personali (&#8220;GDPR&#8221;), Le forniamo le informazioni sul trattamento dei dati personali che La riguardano (&#8220;Dati&#8221;), raccolti attraverso la navigazione del sito, effettuato da Tice Live and Learn<br \/><\/label><\/p><\/li><li><h3>TITOLARE DEL TRATTAMENTO E RESPONSABILE PROTEZIONE DATI<\/h3><table style=\"width: 100%; background: #b9e0ff;\" border=\"1\"><tbody><tr><td style=\"width: 20%;\">TITOLARE DEL TRATTAMENTO<\/td><td style=\"width: 80%;\">Tice Live and Learn<br \/>sede legale: Piacenza. Via Scalabrini 128, 29121, Piacenza PC<br \/>indirizzo e.mail: piacenza@centrotice.it<br \/>(di seguito, &#8220;Titolare&#8221;)<\/td><\/tr><\/tbody><\/table><\/li><\/ol><p>La presente pagina informativa, realizzata secondo i requisiti previsti dal Reg.UE 2016\/679 &#8220;General Data Protection Regulation&#8221;, riporta specifiche informazioni riferite ai seguenti ambiti:<\/p><ol><li><h3>Dati di navigazione<\/h3><p><b>Finalit\u00e0 e base giuridica del trattamento<\/b><br \/>I dati di navigazione sono raccolti automaticamente in forma esclusivamente aggregata al fine di verificare il corretto funzionamento del sito, ricavare informazioni statistiche anonime e per motivi di sicurezza. Sono informazioni che non sono raccolte per essere associate a interessati identificati, ma che per loro stessa natura potrebbero, attraverso elaborazioni ed associazioni con dati detenuti da terzi, permettere di identificare gli utenti. A fini di sicurezza (filtri antispam, firewall, rilevazione virus), i dati registrati automaticamente possono eventualmente comprendere anche dati personali come l&#8217;indirizzo IP, che potrebbe essere utilizzato, conformemente alle leggi vigenti in materia, al fine di bloccare tentativi di danneggiamento al sito medesimo o di recare danno ad altri utenti, o comunque attivit\u00e0 dannose o costituenti reato e per l&#8217;accertamento delle relative responsabilit\u00e0; potranno essere messi quindi a disposizione delle autorit\u00e0 competenti Tali dati non sono mai utilizzati per la profilazione. Sono conservati per un periodo massimo di 6 mesi.<\/p><\/li><li><h3>Cookies<\/h3><p>Per informazioni specifiche \u00e8 possibile consultare la <a title=\"cookies policy\" href=\"https:\/\/centrotice.it\/en\/cookie-policy-ue\/\">cookies policy<\/a><\/p><\/li><li><h3>Dati conferiti volontariamente attraverso la compilazione di moduli sul sito<\/h3><p><b>Finalit\u00e0 e base giuridica del trattamento<\/b><br \/>Compilazione moduli : vengono trattati i dati identificativi, di contatto ed eventuale dettaglio della richiesta, necessari per poter gestire le richieste espresse attraverso la compilazione del modulo. La base giuridica si rinviene nell\u2019articolo 6 comma 1 lettera b) del Regolamento UE\/679\/2016.<\/p><p><b>Conferimento<\/b><br \/>Il conferimento dei dati \u00e8 volontario; il mancato invio di dati personali pu\u00f2 comportare l&#8217;impossibilit\u00e0 di ottenere gli eventuali servizi e\/o informazioni richiesti.<\/p><p><b>Ambito di comunicazione<\/b><br \/>I dati sono trattati da personale regolarmente autorizzato ed istruito al trattamento e da soggetti terzi nominati Responsabili del trattamento, garantendo la massima tutela della loro riservatezza, operando in piena conformit\u00e0 al Regolamento 2016\/679\/UE, e soltanto per le finalit\u00e0 dichiarate nella presente informativa. I dati personali non saranno oggetto di diffusione.<\/p><p><b>Periodo di conservazione dei dati<\/b><br \/>I dati sono conservati per tempi compatibili con la finalit\u00e0 della raccolta.<br \/>I dati raccolti per l&#8217;invio della newsletter sono conservati fino a che il servizio verr\u00e0 fornito, a meno che l\u2019interessato revochi la sua iscrizione seguendo le istruzioni fornite.<\/p><\/li><li><h3>MODALIT\u00c0 DEL TRATTAMENTO<\/h3><p>Il trattamento dei Dati \u00e8 improntato ai principi di correttezza, liceit\u00e0, trasparenza e minimizzazione dei dati (privacy by design); potr\u00e0 essere effettuato sia manualmente che attraverso modalit\u00e0 automatizzate atte a memorizzarli, elaborarli e trasmetterli ed avverr\u00e0 mediante misure tecniche e organizzative adeguate, tenendo conto dello stato della tecnica e dei costi di attuazione, a garantire, fra l&#8217;altro, la sicurezza, la riservatezza, l&#8217;integrit\u00e0, la disponibilit\u00e0 e la resilienza dei sistemi e dei servizi, evitando il rischio di perdita, distruzione, accesso o divulgazione non autorizzati o, comunque, uso illecito, nonch\u00e9 mediante misure ragionevoli per cancellare o rettificare tempestivamente i dati inesatti rispetto alle finalit\u00e0 per le quali sono trattati.<\/p><\/li><li><h3>DIRITTI DELL&#8217;INTERESSATO (ART. 15- 22 del GDPR)<\/h3><ul><li>Agli interessati sono riconosciuti i diritti di cui agli artt. da 15 al 22 del GDPR, laddove applicabili<\/li><li>In particolare, gli interessati possono chiedere al Titolare l&#8217;accesso ai Dati, la rettifica dei Dati inesatti, l&#8217;integrazione dei Dati incompleti, la cancellazione dei Dati, nonch\u00e9 la limitazione del trattamento nei casi previsti dall&#8217;art. 18 del GDPR.<\/li><li>Gli interessati hanno il diritto di opporsi in qualsiasi momento, in tutto od in parte, al trattamento dei Dati necessario per il perseguimento del legittimo interesse del Titolare.<\/li><li>Gli interessati, inoltre, nei casi previsti dall&#8217;art. 20 del GDPR per l&#8217;esercizio del diritto alla portabilit\u00e0, hanno il diritto di ricevere in un formato strutturato, di uso comune e leggibile da dispositivo automatico i Dati forniti al Titolare, nonch\u00e9, se tecnicamente fattibile, di trasmetterli ad altro titolare senza impedimenti.<\/li><li>Gli interessati hanno il diritto di revocare il consenso prestato in qualsiasi momento per finalit\u00e0 di marketing e\/o di profilazione, nonch\u00e9 di opporsi al trattamento dei dati per finalit\u00e0 di marketing, compresa la profilazione connessa al marketing diretto. Resta ferma la possibilit\u00e0 per l&#8217;interessato che preferisca essere contattato per la suddetta finalit\u00e0 esclusivamente tramite modalit\u00e0 tradizionali, di manifestare la sua opposizione solo alla ricezione di comunicazioni attraverso modalit\u00e0 automatizzate.<\/li><li>Gli interessati hanno il diritto di proporre reclamo all&#8217;Autorit\u00e0 di controllo competente (in particolare nello Stato membro in cui risiedono abitualmente o lavorano o dello Stato in cui si \u00e8 verificata la presunta violazione).<\/li><li>Tali diritti possono essere esercitati, a mezzo posta raccomandata o PEC, all&#8217;indirizzo del Titolare del Trattamento o del Responsabile della Protezione dei Dati Personali, come individuati al punto 2.<\/li><\/ul><\/li><li><h3>AGGIORNAMENTO DELLA POLICY<\/h3><p>Si segnala che la presente informativa pu\u00f2 essere oggetto di revisione periodica, anche in relazione alla normativa ed alla giurisprudenza di riferimento. In caso di variazioni significative verr\u00e0 data, per un tempo congruo, opportuna evidenza in home-page del sito. Si invita comunque l&#8217;interessato a consultare periodicamente la presente policy.<\/p><\/li><\/ol>\t\t\t\t\t<\/div>\n\t\t\t\t\t\t<\/div>\n\t\t\t\t<\/div>\n\t\t\t\t\t\t<\/div>\n\t\t\t\t\t<\/div>\n\t\t<\/div>\n\t\t\t\t\t\t\t\t<\/div>\n\t\t\t\t\t<\/div>\n\t\t<\/section>\n\t\t\t\t\t\t\t\t\t<\/div>\n\t\t\t<\/div>\n\t\t\t\t\t<\/div>","protected":false},"excerpt":{"rendered":"<p>INFORMATIVA SUL TRATTAMENTO DEI DATI PERSONALI DEI VISITATORI DEL SITO AI SENSI DEL REGOLAMENTO (UE) 2016\/679 (&#8220;GDPR&#8221;) INTRODUZIONE Ai sensi dell&#8217;art. 13 del Regolamento (UE) 2016\/679, relativo alla protezione delle persone fisiche con riguardo al trattamento dei dati personali (&#8220;GDPR&#8221;), Le forniamo le informazioni sul trattamento dei dati personali che La riguardano (&#8220;Dati&#8221;), raccolti attraverso [&hellip;]<\/p>","protected":false},"author":2,"featured_media":0,"parent":0,"menu_order":0,"comment_status":"closed","ping_status":"open","template":"","meta":[],"_links":{"self":[{"href":"https:\/\/centrotice.it\/en\/wp-json\/wp\/v2\/pages\/3"}],"collection":[{"href":"https:\/\/centrotice.it\/en\/wp-json\/wp\/v2\/pages"}],"about":[{"href":"https:\/\/centrotice.it\/en\/wp-json\/wp\/v2\/types\/page"}],"author":[{"embeddable":true,"href":"https:\/\/centrotice.it\/en\/wp-json\/wp\/v2\/users\/2"}],"replies":[{"embeddable":true,"href":"https:\/\/centrotice.it\/en\/wp-json\/wp\/v2\/comments?post=3"}],"version-history":[{"count":31,"href":"https:\/\/centrotice.it\/en\/wp-json\/wp\/v2\/pages\/3\/revisions"}],"predecessor-version":[{"id":27850,"href":"https:\/\/centrotice.it\/en\/wp-json\/wp\/v2\/pages\/3\/revisions\/27850"}],"wp:attachment":[{"href":"https:\/\/centrotice.it\/en\/wp-json\/wp\/v2\/media?parent=3"}],"curies":[{"name":"wp","href":"https:\/\/api.w.org\/{rel}","templated":true}]}}