{"id":30522,"date":"2022-12-30T10:34:18","date_gmt":"2022-12-30T09:34:18","guid":{"rendered":"https:\/\/centrotice.it\/?page_id=30522"},"modified":"2026-01-02T14:59:29","modified_gmt":"2026-01-02T13:59:29","slug":"precision-teaching-blog-tice","status":"publish","type":"page","link":"https:\/\/centrotice.it\/en\/precision-teaching-blog-tice\/","title":{"rendered":"Precision Teaching"},"content":{"rendered":"<div data-elementor-type=\"wp-page\" data-elementor-id=\"30522\" class=\"elementor elementor-30522\">\n\t\t\t\t\t\t<div class=\"elementor-inner\">\n\t\t\t\t<div class=\"elementor-section-wrap\">\n\t\t\t\t\t\t\t\t\t<section class=\"elementor-section elementor-top-section elementor-element elementor-element-bdb61b0 elementor-section-boxed elementor-section-height-default elementor-section-height-default\" data-id=\"bdb61b0\" data-element_type=\"section\">\n\t\t\t\t\t\t<div class=\"elementor-container elementor-column-gap-default\">\n\t\t\t\t\t\t\t<div class=\"elementor-row\">\n\t\t\t\t\t<div class=\"elementor-column elementor-col-100 elementor-top-column elementor-element elementor-element-0677979\" data-id=\"0677979\" data-element_type=\"column\">\n\t\t\t<div class=\"elementor-column-wrap elementor-element-populated\">\n\t\t\t\t\t\t\t<div class=\"elementor-widget-wrap\">\n\t\t\t\t\t\t<div class=\"elementor-element elementor-element-95ff6a4 elementor-widget elementor-widget-heading\" data-id=\"95ff6a4\" data-element_type=\"widget\" data-widget_type=\"heading.default\">\n\t\t\t\t<div class=\"elementor-widget-container\">\n\t\t\t<h2 class=\"elementor-heading-title elementor-size-default\">Precision Teaching <\/h2>\t\t<\/div>\n\t\t\t\t<\/div>\n\t\t\t\t<div class=\"elementor-element elementor-element-c5b12b1 elementor-widget elementor-widget-text-editor\" data-id=\"c5b12b1\" data-element_type=\"widget\" data-widget_type=\"text-editor.default\">\n\t\t\t\t<div class=\"elementor-widget-container\">\n\t\t\t\t\t\t\t\t<div class=\"elementor-text-editor elementor-clearfix\">\n\t\t\t\t<p>In questo blog, tutto su Precision Teaching, Francesca Cavallini affronter\u00e0 diverse tematiche che riguardano la sua applicazione.\u00a0<\/p>\t\t\t\t\t<\/div>\n\t\t\t\t\t\t<\/div>\n\t\t\t\t<\/div>\n\t\t\t\t<div class=\"elementor-element elementor-element-c9b6bd3 elementor-grid-eael-col-2 elementor-grid-tablet-eael-col-2 elementor-grid-mobile-eael-col-1 elementor-widget elementor-widget-eael-post-grid\" data-id=\"c9b6bd3\" data-element_type=\"widget\" data-settings=\"{&quot;eael_post_grid_columns&quot;:&quot;eael-col-2&quot;,&quot;eael_post_grid_columns_tablet&quot;:&quot;eael-col-2&quot;,&quot;eael_post_grid_columns_mobile&quot;:&quot;eael-col-1&quot;}\" data-widget_type=\"eael-post-grid.default\">\n\t\t\t\t<div class=\"elementor-widget-container\">\n\t\t\t<div id=\"eael-post-grid-c9b6bd3\" class=\"eael-post-grid-container\">\n            <div class=\"eael-post-grid eael-post-appender eael-post-appender-c9b6bd3 eael-post-grid-style-default\" data-layout-mode=\"grid\"><article class=\"eael-grid-post eael-post-grid-column\" data-id=\"35841\">\n        <div class=\"eael-grid-post-holder\">\n            <div class=\"eael-grid-post-holder-inner\"><div class=\"eael-entry-media\"><div class=\"eael-entry-overlay fade-in\"><i class=\"fas fa-long-arrow-alt-right\" aria-hidden=\"true\"><\/i><a href=\"https:\/\/centrotice.it\/en\/precision-teaching\/precision-teaching-che-cose\/\"><\/a><\/div><div class=\"eael-entry-thumbnail\">\n                <img width=\"300\" height=\"200\" src=\"https:\/\/centrotice.it\/wp-content\/uploads\/2023\/10\/precision-teaching-tice-300x200.png\" class=\"attachment-medium size-medium wp-image-35842\" alt=\"\" decoding=\"async\" loading=\"lazy\" srcset=\"https:\/\/centrotice.it\/wp-content\/uploads\/2023\/10\/precision-teaching-tice-300x200.png 300w, https:\/\/centrotice.it\/wp-content\/uploads\/2023\/10\/precision-teaching-tice-1024x682.png 1024w, https:\/\/centrotice.it\/wp-content\/uploads\/2023\/10\/precision-teaching-tice-768x512.png 768w, https:\/\/centrotice.it\/wp-content\/uploads\/2023\/10\/precision-teaching-tice-18x12.png 18w, https:\/\/centrotice.it\/wp-content\/uploads\/2023\/10\/precision-teaching-tice-600x400.png 600w, https:\/\/centrotice.it\/wp-content\/uploads\/2023\/10\/precision-teaching-tice-90x60.png 90w, https:\/\/centrotice.it\/wp-content\/uploads\/2023\/10\/precision-teaching-tice-135x90.png 135w, https:\/\/centrotice.it\/wp-content\/uploads\/2023\/10\/precision-teaching-tice.png 1400w\" sizes=\"(max-width: 300px) 100vw, 300px\" title=\"\">\n            <\/div>\n        <\/div><div class=\"eael-entry-wrapper\"><header class=\"eael-entry-header\"><h2 class=\"eael-entry-title\"><a\n                        class=\"eael-grid-post-link\"\n                        href=\"https:\/\/centrotice.it\/en\/precision-teaching\/precision-teaching-che-cose\/\"\n                        title=\"Precision Teaching: che cos&#8217;\u00e8?\">Precision Teaching: che cos&#8217;\u00e8?<\/a><\/h2><\/header><div class=\"eael-entry-content\">\n                        <div class=\"eael-grid-post-excerpt\"><p>Precision Teaching rappresenta un passo avanti nell'evoluzione della didattica. In questo articolo vi spieghiamo di cosa si tratta.<\/p><a\n                            href=\"https:\/\/centrotice.it\/en\/precision-teaching\/precision-teaching-che-cose\/\"\n                            class=\"eael-post-elements-readmore-btn\">Read more<\/a><\/div>\n                    <\/div><div class=\"eael-entry-footer\"><div class=\"eael-author-avatar\"><a href=\"https:\/\/centrotice.it\/en\/author\/francesca-cavallini\/\"><img data-del=\"avatar\" src=\"https:\/\/centrotice.it\/wp-content\/uploads\/2020\/03\/Francesca-Cavallini-tice-100x100.jpg\" class=\"avatar pp-user-avatar avatar-96 photo\" height=\"96\" width=\"96\" alt=\"\" title=\"\"><\/a><\/div><div class=\"eael-entry-meta\"><span class=\"eael-posted-by\"><a href=\"https:\/\/centrotice.it\/en\/author\/francesca-cavallini\/\" title=\"Posts by Francesca Cavallini\" rel=\"author\"  itemprop=\"author\" itemscope=\"itemscope\" itemtype=\"https:\/\/schema.org\/Person\">Francesca Cavallini<\/a><\/span><\/div><\/div><\/div><\/div>\n        <\/div>\n    <\/article><article class=\"eael-grid-post eael-post-grid-column\" data-id=\"32504\">\n        <div class=\"eael-grid-post-holder\">\n            <div class=\"eael-grid-post-holder-inner\"><div class=\"eael-entry-media\"><div class=\"eael-entry-overlay fade-in\"><i class=\"fas fa-long-arrow-alt-right\" aria-hidden=\"true\"><\/i><a href=\"https:\/\/centrotice.it\/en\/precision-teaching\/cosa-sono-i-canali-di-apprendimento\/\"><\/a><\/div><div class=\"eael-entry-thumbnail\">\n                <img width=\"300\" height=\"200\" src=\"https:\/\/centrotice.it\/wp-content\/uploads\/2023\/03\/precision-teaching-300x200.png\" class=\"attachment-medium size-medium wp-image-36960\" alt=\"\" decoding=\"async\" loading=\"lazy\" srcset=\"https:\/\/centrotice.it\/wp-content\/uploads\/2023\/03\/precision-teaching-300x200.png 300w, https:\/\/centrotice.it\/wp-content\/uploads\/2023\/03\/precision-teaching-1024x682.png 1024w, https:\/\/centrotice.it\/wp-content\/uploads\/2023\/03\/precision-teaching-768x512.png 768w, https:\/\/centrotice.it\/wp-content\/uploads\/2023\/03\/precision-teaching-18x12.png 18w, https:\/\/centrotice.it\/wp-content\/uploads\/2023\/03\/precision-teaching-600x400.png 600w, https:\/\/centrotice.it\/wp-content\/uploads\/2023\/03\/precision-teaching-90x60.png 90w, https:\/\/centrotice.it\/wp-content\/uploads\/2023\/03\/precision-teaching-135x90.png 135w, https:\/\/centrotice.it\/wp-content\/uploads\/2023\/03\/precision-teaching.png 1400w\" sizes=\"(max-width: 300px) 100vw, 300px\" title=\"\">\n            <\/div>\n        <\/div><div class=\"eael-entry-wrapper\"><header class=\"eael-entry-header\"><h2 class=\"eael-entry-title\"><a\n                        class=\"eael-grid-post-link\"\n                        href=\"https:\/\/centrotice.it\/en\/precision-teaching\/cosa-sono-i-canali-di-apprendimento\/\"\n                        title=\"Cosa sono i canali di apprendimento (learning channels)?\">Cosa sono i canali di apprendimento (learning channels)?<\/a><\/h2><\/header><div class=\"eael-entry-content\">\n                        <div class=\"eael-grid-post-excerpt\"><p>In una delle mie prime esperienze di precision teaching mi sono imbattuta nella matrice dei canali di apprendimento: vediamo insieme di cosa si tratta!<\/p><a\n                            href=\"https:\/\/centrotice.it\/en\/precision-teaching\/cosa-sono-i-canali-di-apprendimento\/\"\n                            class=\"eael-post-elements-readmore-btn\">Read more<\/a><\/div>\n                    <\/div><div class=\"eael-entry-footer\"><div class=\"eael-author-avatar\"><a href=\"https:\/\/centrotice.it\/en\/author\/francesca-cavallini\/\"><img data-del=\"avatar\" src=\"https:\/\/centrotice.it\/wp-content\/uploads\/2020\/03\/Francesca-Cavallini-tice-100x100.jpg\" class=\"avatar pp-user-avatar avatar-96 photo\" height=\"96\" width=\"96\" alt=\"\" title=\"\"><\/a><\/div><div class=\"eael-entry-meta\"><span class=\"eael-posted-by\"><a href=\"https:\/\/centrotice.it\/en\/author\/francesca-cavallini\/\" title=\"Posts by Francesca Cavallini\" rel=\"author\"  itemprop=\"author\" itemscope=\"itemscope\" itemtype=\"https:\/\/schema.org\/Person\">Francesca Cavallini<\/a><\/span><\/div><\/div><\/div><\/div>\n        <\/div>\n    <\/article><article class=\"eael-grid-post eael-post-grid-column\" data-id=\"32088\">\n        <div class=\"eael-grid-post-holder\">\n            <div class=\"eael-grid-post-holder-inner\"><div class=\"eael-entry-media\"><div class=\"eael-entry-overlay fade-in\"><i class=\"fas fa-long-arrow-alt-right\" aria-hidden=\"true\"><\/i><a href=\"https:\/\/centrotice.it\/en\/precision-teaching\/perche-usare-le-flashcard\/\"><\/a><\/div><div class=\"eael-entry-thumbnail\">\n                <img width=\"300\" height=\"200\" src=\"https:\/\/centrotice.it\/wp-content\/uploads\/2023\/02\/flesh-card-tice-300x200.png\" class=\"attachment-medium size-medium wp-image-35798\" alt=\"\" decoding=\"async\" loading=\"lazy\" srcset=\"https:\/\/centrotice.it\/wp-content\/uploads\/2023\/02\/flesh-card-tice-300x200.png 300w, https:\/\/centrotice.it\/wp-content\/uploads\/2023\/02\/flesh-card-tice-1024x682.png 1024w, https:\/\/centrotice.it\/wp-content\/uploads\/2023\/02\/flesh-card-tice-768x512.png 768w, https:\/\/centrotice.it\/wp-content\/uploads\/2023\/02\/flesh-card-tice-18x12.png 18w, https:\/\/centrotice.it\/wp-content\/uploads\/2023\/02\/flesh-card-tice-600x400.png 600w, https:\/\/centrotice.it\/wp-content\/uploads\/2023\/02\/flesh-card-tice-90x60.png 90w, https:\/\/centrotice.it\/wp-content\/uploads\/2023\/02\/flesh-card-tice-135x90.png 135w, https:\/\/centrotice.it\/wp-content\/uploads\/2023\/02\/flesh-card-tice.png 1400w\" sizes=\"(max-width: 300px) 100vw, 300px\" title=\"\">\n            <\/div>\n        <\/div><div class=\"eael-entry-wrapper\"><header class=\"eael-entry-header\"><h2 class=\"eael-entry-title\"><a\n                        class=\"eael-grid-post-link\"\n                        href=\"https:\/\/centrotice.it\/en\/precision-teaching\/perche-usare-le-flashcard\/\"\n                        title=\"Perch\u00e9 usare le flashcard?\">Perch\u00e9 usare le flashcard?<\/a><\/h2><\/header><div class=\"eael-entry-content\">\n                        <div class=\"eael-grid-post-excerpt\"><p>Le SAFMEDS sono una tecnologia di flashcard sviluppata da Lindsley e Graf, entrambi analisti del comportamento e esperti di Precision Teaching.<\/p><a\n                            href=\"https:\/\/centrotice.it\/en\/precision-teaching\/perche-usare-le-flashcard\/\"\n                            class=\"eael-post-elements-readmore-btn\">Read more<\/a><\/div>\n                    <\/div><div class=\"eael-entry-footer\"><div class=\"eael-author-avatar\"><a href=\"https:\/\/centrotice.it\/en\/author\/francesca-cavallini\/\"><img data-del=\"avatar\" src=\"https:\/\/centrotice.it\/wp-content\/uploads\/2020\/03\/Francesca-Cavallini-tice-100x100.jpg\" class=\"avatar pp-user-avatar avatar-96 photo\" height=\"96\" width=\"96\" alt=\"\" title=\"\"><\/a><\/div><div class=\"eael-entry-meta\"><span class=\"eael-posted-by\"><a href=\"https:\/\/centrotice.it\/en\/author\/francesca-cavallini\/\" title=\"Posts by Francesca Cavallini\" rel=\"author\"  itemprop=\"author\" itemscope=\"itemscope\" itemtype=\"https:\/\/schema.org\/Person\">Francesca Cavallini<\/a><\/span><\/div><\/div><\/div><\/div>\n        <\/div>\n    <\/article><article class=\"eael-grid-post eael-post-grid-column\" data-id=\"31352\">\n        <div class=\"eael-grid-post-holder\">\n            <div class=\"eael-grid-post-holder-inner\"><div class=\"eael-entry-media\"><div class=\"eael-entry-overlay fade-in\"><i class=\"fas fa-long-arrow-alt-right\" aria-hidden=\"true\"><\/i><a href=\"https:\/\/centrotice.it\/en\/precision-teaching\/precision-teaching-e-difficolta-in-matematica\/\"><\/a><\/div><div class=\"eael-entry-thumbnail\">\n                <img width=\"300\" height=\"200\" src=\"https:\/\/centrotice.it\/wp-content\/uploads\/2022\/08\/tice-kids-scuola3-300x200.png\" class=\"attachment-medium size-medium wp-image-24779\" alt=\"precision teaching\" decoding=\"async\" loading=\"lazy\" srcset=\"https:\/\/centrotice.it\/wp-content\/uploads\/2022\/08\/tice-kids-scuola3-300x200.png 300w, https:\/\/centrotice.it\/wp-content\/uploads\/2022\/08\/tice-kids-scuola3-600x400.png 600w, https:\/\/centrotice.it\/wp-content\/uploads\/2022\/08\/tice-kids-scuola3-1024x682.png 1024w, https:\/\/centrotice.it\/wp-content\/uploads\/2022\/08\/tice-kids-scuola3-768x512.png 768w, https:\/\/centrotice.it\/wp-content\/uploads\/2022\/08\/tice-kids-scuola3.png 1400w\" sizes=\"(max-width: 300px) 100vw, 300px\" title=\"\">\n            <\/div>\n        <\/div><div class=\"eael-entry-wrapper\"><header class=\"eael-entry-header\"><h2 class=\"eael-entry-title\"><a\n                        class=\"eael-grid-post-link\"\n                        href=\"https:\/\/centrotice.it\/en\/precision-teaching\/precision-teaching-e-difficolta-in-matematica\/\"\n                        title=\"Precision Teaching e difficolt\u00e0 in matematica\">Precision Teaching e difficolt\u00e0 in matematica<\/a><\/h2><\/header><div class=\"eael-entry-content\">\n                        <div class=\"eael-grid-post-excerpt\"><p>Precision teaching \u00e8 una strategia semplice che pu\u00f2 essere utilizzata a casa o a scuola per migliorare le abilit\u00e0 matematiche di base. Scopri come leggendo qui!<\/p><a\n                            href=\"https:\/\/centrotice.it\/en\/precision-teaching\/precision-teaching-e-difficolta-in-matematica\/\"\n                            class=\"eael-post-elements-readmore-btn\">Read more<\/a><\/div>\n                    <\/div><div class=\"eael-entry-footer\"><div class=\"eael-author-avatar\"><a href=\"https:\/\/centrotice.it\/en\/author\/francesca-cavallini\/\"><img data-del=\"avatar\" src=\"https:\/\/centrotice.it\/wp-content\/uploads\/2020\/03\/Francesca-Cavallini-tice-100x100.jpg\" class=\"avatar pp-user-avatar avatar-96 photo\" height=\"96\" width=\"96\" alt=\"\" title=\"\"><\/a><\/div><div class=\"eael-entry-meta\"><span class=\"eael-posted-by\"><a href=\"https:\/\/centrotice.it\/en\/author\/francesca-cavallini\/\" title=\"Posts by Francesca Cavallini\" rel=\"author\"  itemprop=\"author\" itemscope=\"itemscope\" itemtype=\"https:\/\/schema.org\/Person\">Francesca Cavallini<\/a><\/span><\/div><\/div><\/div><\/div>\n        <\/div>\n    <\/article><\/div>\n            <div class=\"clearfix\"><\/div>\n        <\/div>\t\t<\/div>\n\t\t\t\t<\/div>\n\t\t\t\t\t\t<\/div>\n\t\t\t\t\t<\/div>\n\t\t<\/div>\n\t\t\t\t\t\t\t\t<\/div>\n\t\t\t\t\t<\/div>\n\t\t<\/section>\n\t\t\t\t\t\t\t\t\t<\/div>\n\t\t\t<\/div>\n\t\t\t\t\t<\/div>","protected":false},"excerpt":{"rendered":"<p>Precision Teaching In questo blog, tutto su Precision Teaching, Francesca Cavallini affronter\u00e0 diverse tematiche che riguardano la sua applicazione.&nbsp; Precision Teaching e difficolt\u00e0 in matematica Precision teaching \u00e8 una strategia semplice che pu\u00f2 essere utilizzata a casa o a scuola per migliorare le abilit\u00e0 matematiche di base. Scopri come leggendo qui! Leggi tutto Francesca Cavallini<\/p>","protected":false},"author":11,"featured_media":19672,"parent":0,"menu_order":0,"comment_status":"closed","ping_status":"closed","template":"","meta":[],"_links":{"self":[{"href":"https:\/\/centrotice.it\/en\/wp-json\/wp\/v2\/pages\/30522"}],"collection":[{"href":"https:\/\/centrotice.it\/en\/wp-json\/wp\/v2\/pages"}],"about":[{"href":"https:\/\/centrotice.it\/en\/wp-json\/wp\/v2\/types\/page"}],"author":[{"embeddable":true,"href":"https:\/\/centrotice.it\/en\/wp-json\/wp\/v2\/users\/11"}],"replies":[{"embeddable":true,"href":"https:\/\/centrotice.it\/en\/wp-json\/wp\/v2\/comments?post=30522"}],"version-history":[{"count":16,"href":"https:\/\/centrotice.it\/en\/wp-json\/wp\/v2\/pages\/30522\/revisions"}],"predecessor-version":[{"id":39465,"href":"https:\/\/centrotice.it\/en\/wp-json\/wp\/v2\/pages\/30522\/revisions\/39465"}],"wp:featuredmedia":[{"embeddable":true,"href":"https:\/\/centrotice.it\/en\/wp-json\/wp\/v2\/media\/19672"}],"wp:attachment":[{"href":"https:\/\/centrotice.it\/en\/wp-json\/wp\/v2\/media?parent=30522"}],"curies":[{"name":"wp","href":"https:\/\/api.w.org\/{rel}","templated":true}]}}