{"id":36420,"date":"2024-01-23T15:30:25","date_gmt":"2024-01-23T14:30:25","guid":{"rendered":"https:\/\/centrotice.it\/?page_id=36420"},"modified":"2024-04-11T17:28:15","modified_gmt":"2024-04-11T15:28:15","slug":"politica-di-protezione-dellinfanzia","status":"publish","type":"page","link":"https:\/\/centrotice.it\/en\/politica-di-protezione-dellinfanzia\/","title":{"rendered":"Politica di protezione dell\u2019infanzia"},"content":{"rendered":"<div data-elementor-type=\"wp-page\" data-elementor-id=\"36420\" class=\"elementor elementor-36420\">\n\t\t\t\t\t\t<div class=\"elementor-inner\">\n\t\t\t\t<div class=\"elementor-section-wrap\">\n\t\t\t\t\t\t\t\t\t<section class=\"elementor-section elementor-top-section elementor-element elementor-element-bd53880 elementor-section-boxed elementor-section-height-default elementor-section-height-default\" data-id=\"bd53880\" data-element_type=\"section\">\n\t\t\t\t\t\t<div class=\"elementor-container elementor-column-gap-default\">\n\t\t\t\t\t\t\t<div class=\"elementor-row\">\n\t\t\t\t\t<div class=\"elementor-column elementor-col-100 elementor-top-column elementor-element elementor-element-f3a9a8a\" data-id=\"f3a9a8a\" data-element_type=\"column\">\n\t\t\t<div class=\"elementor-column-wrap elementor-element-populated\">\n\t\t\t\t\t\t\t<div class=\"elementor-widget-wrap\">\n\t\t\t\t\t\t<div class=\"elementor-element elementor-element-1ca0f9c elementor-widget elementor-widget-heading\" data-id=\"1ca0f9c\" data-element_type=\"widget\" data-widget_type=\"heading.default\">\n\t\t\t\t<div class=\"elementor-widget-container\">\n\t\t\t<h2 class=\"elementor-heading-title elementor-size-default\">Child Safeguarding and Child Protection Policy<\/h2>\t\t<\/div>\n\t\t\t\t<\/div>\n\t\t\t\t<div class=\"elementor-element elementor-element-8632dd9 elementor-widget elementor-widget-text-editor\" data-id=\"8632dd9\" data-element_type=\"widget\" data-widget_type=\"text-editor.default\">\n\t\t\t\t<div class=\"elementor-widget-container\">\n\t\t\t\t\t\t\t\t<div class=\"elementor-text-editor elementor-clearfix\">\n\t\t\t\t<p>The <strong><em>Child Safeguarding<\/em><\/strong> and <em><strong>Child Protection Policy<\/strong><\/em>\u00a0\u00e8 un documento che chiarisce cosa fa un&#8217;organizzazione per proteggere i bambini da abusi e danni (intenzionali o non intenzionali) di diverso tipo (sessuale, fisico, emotivo, negligenza) e comportamenti scorretti (come quelli<br \/>sessuali, molestie, bullismo). Il team di Tice in collaborazione con utenti e famiglie ha elaborato e reso disponibile sul nostro sito la nostra politica di protezione della sicurezza dei bambini.<br \/>Condividere la nostra politica sul significato della sicurezza dei bambini e delle bambine contribuisce a migliorare il funzionamento, la responsabilit\u00e0 e la nostra credibilit\u00e0 come organizzazione per i diritti dell\u2019infanzia e della adolescenza.<br \/>La scelta di un linguaggio semplice e diretto \u00e8 una testimonianza diretta del nostro desiderio di renderlo comprensibile a bambini e bambine.<\/p>\t\t\t\t\t<\/div>\n\t\t\t\t\t\t<\/div>\n\t\t\t\t<\/div>\n\t\t\t\t\t\t<\/div>\n\t\t\t\t\t<\/div>\n\t\t<\/div>\n\t\t\t\t\t\t\t\t<\/div>\n\t\t\t\t\t<\/div>\n\t\t<\/section>\n\t\t\t\t<section class=\"elementor-section elementor-top-section elementor-element elementor-element-c5bc313 elementor-section-boxed elementor-section-height-default elementor-section-height-default\" data-id=\"c5bc313\" data-element_type=\"section\">\n\t\t\t\t\t\t<div class=\"elementor-container elementor-column-gap-default\">\n\t\t\t\t\t\t\t<div class=\"elementor-row\">\n\t\t\t\t\t<div class=\"elementor-column elementor-col-100 elementor-top-column elementor-element elementor-element-59bd597\" data-id=\"59bd597\" data-element_type=\"column\">\n\t\t\t<div class=\"elementor-column-wrap elementor-element-populated\">\n\t\t\t\t\t\t\t<div class=\"elementor-widget-wrap\">\n\t\t\t\t\t\t<div class=\"elementor-element elementor-element-e9864bc elementor-widget elementor-widget-heading\" data-id=\"e9864bc\" data-element_type=\"widget\" data-widget_type=\"heading.default\">\n\t\t\t\t<div class=\"elementor-widget-container\">\n\t\t\t<h2 class=\"elementor-heading-title elementor-size-default\">Procedure<\/h2>\t\t<\/div>\n\t\t\t\t<\/div>\n\t\t\t\t<div class=\"elementor-element elementor-element-4d6a8c0 elementor-widget elementor-widget-text-editor\" data-id=\"4d6a8c0\" data-element_type=\"widget\" data-widget_type=\"text-editor.default\">\n\t\t\t\t<div class=\"elementor-widget-container\">\n\t\t\t\t\t\t\t\t<div class=\"elementor-text-editor elementor-clearfix\">\n\t\t\t\t<p class=\"p1\"><strong>Revisione<\/strong>: 1 volta anno<br \/><strong>Organigramma<\/strong>: responsabile Francesca Cavallini<br \/><strong>Coordinatori:<\/strong> Maria Clara Cavallini, Sharon Ferrari e Monica Cattalini<br \/><strong>Membri:<\/strong> 1 bambino e 1 bambina per ogni area\/sede che rivede il documento ogni anno.<br \/>La data di revisione annuale \u00e8 il <strong>28 Giugno<\/strong> (data di fondazione di Tice).<br \/>La verifica dell\u2019attuazione delle politiche avviene attraverso focus Group, misure qualitative e questionari.<br \/>Il documento viene approvato dai dipendenti e inviato a tirocinanti e volontari<\/p>\t\t\t\t\t<\/div>\n\t\t\t\t\t\t<\/div>\n\t\t\t\t<\/div>\n\t\t\t\t<div class=\"elementor-element elementor-element-4536f31 elementor-widget elementor-widget-heading\" data-id=\"4536f31\" data-element_type=\"widget\" data-widget_type=\"heading.default\">\n\t\t\t\t<div class=\"elementor-widget-container\">\n\t\t\t<h2 class=\"elementor-heading-title elementor-size-default\">Principi<\/h2>\t\t<\/div>\n\t\t\t\t<\/div>\n\t\t\t\t<div class=\"elementor-element elementor-element-f4817cc elementor-widget elementor-widget-text-editor\" data-id=\"f4817cc\" data-element_type=\"widget\" data-widget_type=\"text-editor.default\">\n\t\t\t\t<div class=\"elementor-widget-container\">\n\t\t\t\t\t\t\t\t<div class=\"elementor-text-editor elementor-clearfix\">\n\t\t\t\t<ul><li class=\"p1\">Siamo professionisti formati, raccogliamo dati e collaboriamo con le Universit\u00e0 per garantire che le nostre metodologie siano aggiornate e sicure<\/li><li class=\"p1\">La nostra societ\u00e0 \u00e8 organizzata per garantire che tutti i processi di cura e presa in carico siano gestiti da pi\u00f9 professionisti<\/li><li class=\"p1\">Abbiamo un organigramma che pianifica e coordina la politica sulla sicurezza dei bambini e delle bambine<\/li><li class=\"p1\">Pubblichiamo il documento sul nostro sito, lo rendiamo comprensibile anche ai bambini e alle bambine<\/li><\/ul>\t\t\t\t\t<\/div>\n\t\t\t\t\t\t<\/div>\n\t\t\t\t<\/div>\n\t\t\t\t<div class=\"elementor-element elementor-element-a76d3f9 elementor-widget elementor-widget-heading\" data-id=\"a76d3f9\" data-element_type=\"widget\" data-widget_type=\"heading.default\">\n\t\t\t\t<div class=\"elementor-widget-container\">\n\t\t\t<h2 class=\"elementor-heading-title elementor-size-default\">In pratica cosa facciamo per tutelare la tua sicurezza ?<\/h2>\t\t<\/div>\n\t\t\t\t<\/div>\n\t\t\t\t<div class=\"elementor-element elementor-element-4f6cb46 elementor-widget elementor-widget-text-editor\" data-id=\"4f6cb46\" data-element_type=\"widget\" data-widget_type=\"text-editor.default\">\n\t\t\t\t<div class=\"elementor-widget-container\">\n\t\t\t\t\t\t\t\t<div class=\"elementor-text-editor elementor-clearfix\">\n\t\t\t\t<p><i>Questo documento \u00e8 <\/i><i>fatto insieme a bambini\/e e ragazzi\/e che frequentano Tice.\u00a0<br \/><\/i><i style=\"font-size: 14px; color: var( --e-global-color-text );\">Ricordati che \u00e8 per te, lo puoi <\/i><i style=\"font-size: 14px; color: var( --e-global-color-text );\">modificare in ogni momento scrivendo, mandando un audio o una foto a Francesca Cavallini <a title=\"Chiama o scrivi a Francesca Cavallini\" href=\"\/en\/+393400648709\/\">3400648709<\/a><br \/><\/i><i style=\"font-variant-ligatures: normal; font-variant-caps: normal; font-family: Roboto, sans-serif; font-size: 14px; font-weight: 400;\">Puoi scegliere se leggere il file anche con la CAA o ascoltarlo cliccando nei bottoni qui sotto!<\/i><i style=\"font-size: 14px; color: var( --e-global-color-text );\"><br \/><\/i><\/p>\t\t\t\t\t<\/div>\n\t\t\t\t\t\t<\/div>\n\t\t\t\t<\/div>\n\t\t\t\t<section class=\"elementor-section elementor-inner-section elementor-element elementor-element-9d56ecb elementor-section-boxed elementor-section-height-default elementor-section-height-default\" data-id=\"9d56ecb\" data-element_type=\"section\">\n\t\t\t\t\t\t<div class=\"elementor-container elementor-column-gap-default\">\n\t\t\t\t\t\t\t<div class=\"elementor-row\">\n\t\t\t\t\t<div class=\"elementor-column elementor-col-33 elementor-inner-column elementor-element elementor-element-b9dfdc2\" data-id=\"b9dfdc2\" data-element_type=\"column\">\n\t\t\t<div class=\"elementor-column-wrap elementor-element-populated\">\n\t\t\t\t\t\t\t<div class=\"elementor-widget-wrap\">\n\t\t\t\t\t\t<div class=\"elementor-element elementor-element-c5743b1 elementor-align-center elementor-widget elementor-widget-button\" data-id=\"c5743b1\" data-element_type=\"widget\" data-widget_type=\"button.default\">\n\t\t\t\t<div class=\"elementor-widget-container\">\n\t\t\t\t\t<div class=\"elementor-button-wrapper\">\n\t\t\t<a href=\"https:\/\/centrotice.it\/wp-content\/uploads\/2024\/01\/CHILD-SAFEGUARDING.pdf\" target=\"_blank\" class=\"elementor-button-link elementor-button elementor-size-sm\" role=\"button\">\n\t\t\t\t\t\t<span class=\"elementor-button-content-wrapper\">\n\t\t\t\t\t\t<span class=\"elementor-button-text\">Scarica qui la versione in CAA<\/span>\n\t\t<\/span>\n\t\t\t\t\t<\/a>\n\t\t<\/div>\n\t\t\t\t<\/div>\n\t\t\t\t<\/div>\n\t\t\t\t\t\t<\/div>\n\t\t\t\t\t<\/div>\n\t\t<\/div>\n\t\t\t\t<div class=\"elementor-column elementor-col-33 elementor-inner-column elementor-element elementor-element-3e70f19\" data-id=\"3e70f19\" data-element_type=\"column\">\n\t\t\t<div class=\"elementor-column-wrap elementor-element-populated\">\n\t\t\t\t\t\t\t<div class=\"elementor-widget-wrap\">\n\t\t\t\t\t\t<div class=\"elementor-element elementor-element-f92f0d6 elementor-align-center elementor-widget elementor-widget-button\" data-id=\"f92f0d6\" data-element_type=\"widget\" data-widget_type=\"button.default\">\n\t\t\t\t<div class=\"elementor-widget-container\">\n\t\t\t\t\t<div class=\"elementor-button-wrapper\">\n\t\t\t<a href=\"https:\/\/centrotice.it\/wp-content\/uploads\/2024\/03\/Child-protection-policy_eng_Rev_11-03-24.pdf\" target=\"_blank\" class=\"elementor-button-link elementor-button elementor-size-sm\" role=\"button\">\n\t\t\t\t\t\t<span class=\"elementor-button-content-wrapper\">\n\t\t\t\t\t\t<span class=\"elementor-button-text\">Scarica qui la versione in inglese<\/span>\n\t\t<\/span>\n\t\t\t\t\t<\/a>\n\t\t<\/div>\n\t\t\t\t<\/div>\n\t\t\t\t<\/div>\n\t\t\t\t\t\t<\/div>\n\t\t\t\t\t<\/div>\n\t\t<\/div>\n\t\t\t\t<div class=\"elementor-column elementor-col-33 elementor-inner-column elementor-element elementor-element-d089d83\" data-id=\"d089d83\" data-element_type=\"column\">\n\t\t\t<div class=\"elementor-column-wrap elementor-element-populated\">\n\t\t\t\t\t\t\t<div class=\"elementor-widget-wrap\">\n\t\t\t\t\t\t<div class=\"elementor-element elementor-element-4d3cdfa elementor-align-center elementor-widget elementor-widget-button\" data-id=\"4d3cdfa\" data-element_type=\"widget\" data-widget_type=\"button.default\">\n\t\t\t\t<div class=\"elementor-widget-container\">\n\t\t\t\t\t<div class=\"elementor-button-wrapper\">\n\t\t\t<a href=\"https:\/\/centrotice.it\/wp-content\/uploads\/2024\/04\/child-protection-policy.mp3\" target=\"_blank\" class=\"elementor-button-link elementor-button elementor-size-sm\" role=\"button\">\n\t\t\t\t\t\t<span class=\"elementor-button-content-wrapper\">\n\t\t\t\t\t\t<span class=\"elementor-button-text\">Ascolta qui la versione podcast<\/span>\n\t\t<\/span>\n\t\t\t\t\t<\/a>\n\t\t<\/div>\n\t\t\t\t<\/div>\n\t\t\t\t<\/div>\n\t\t\t\t\t\t<\/div>\n\t\t\t\t\t<\/div>\n\t\t<\/div>\n\t\t\t\t\t\t\t\t<\/div>\n\t\t\t\t\t<\/div>\n\t\t<\/section>\n\t\t\t\t<div class=\"elementor-element elementor-element-af88798 elementor-widget-divider--separator-type-pattern elementor-widget-divider--view-line elementor-widget elementor-widget-divider\" data-id=\"af88798\" data-element_type=\"widget\" data-widget_type=\"divider.default\">\n\t\t\t\t<div class=\"elementor-widget-container\">\n\t\t\t\t\t<div class=\"elementor-divider\" style=\"--divider-pattern-url: url(&quot;data:image\/svg+xml,%3Csvg xmlns=&#039;http:\/\/www.w3.org\/2000\/svg&#039; preserveAspectRatio=&#039;none&#039; overflow=&#039;visible&#039; height=&#039;100%&#039; viewBox=&#039;0 0 24 24&#039; fill=&#039;none&#039; stroke=&#039;black&#039; stroke-width=&#039;1&#039; stroke-linecap=&#039;square&#039; stroke-miterlimit=&#039;10&#039;%3E%3Cpath d=&#039;M0,6c6,0,6,13,12,13S18,6,24,6&#039;\/%3E%3C\/svg%3E&quot;);\">\n\t\t\t<span class=\"elementor-divider-separator\">\n\t\t\t\t\t\t<\/span>\n\t\t<\/div>\n\t\t\t\t<\/div>\n\t\t\t\t<\/div>\n\t\t\t\t<div class=\"elementor-element elementor-element-5c8a166 elementor-widget elementor-widget-heading\" data-id=\"5c8a166\" data-element_type=\"widget\" data-widget_type=\"heading.default\">\n\t\t\t\t<div class=\"elementor-widget-container\">\n\t\t\t<h2 class=\"elementor-heading-title elementor-size-default\">LA POLITICA DI PROTEZIONE DELL'INFANZIA DI TICE<\/h2>\t\t<\/div>\n\t\t\t\t<\/div>\n\t\t\t\t<div class=\"elementor-element elementor-element-70d2657 elementor-widget elementor-widget-heading\" data-id=\"70d2657\" data-element_type=\"widget\" data-widget_type=\"heading.default\">\n\t\t\t\t<div class=\"elementor-widget-container\">\n\t\t\t<h2 class=\"elementor-heading-title elementor-size-default\">Come ti tuteliamo nelle situazioni di emergenza<\/h2>\t\t<\/div>\n\t\t\t\t<\/div>\n\t\t\t\t<div class=\"elementor-element elementor-element-17c2c42 elementor-widget elementor-widget-text-editor\" data-id=\"17c2c42\" data-element_type=\"widget\" data-widget_type=\"text-editor.default\">\n\t\t\t\t<div class=\"elementor-widget-container\">\n\t\t\t\t\t\t\t\t<div class=\"elementor-text-editor elementor-clearfix\">\n\t\t\t\t<p class=\"p1\">In ogni centro c\u2019\u00e8 un responsabile e una politica attiva per la sicurezza, per il primo soccorso, per gli incendi e per altri eventi climatici estremi. Abbiamo una compagnia assicurativa che assicura i centri Tice, ognuno di noi e te.<br \/>Ti diamo i nostri contatti telefonici e social per chiamarci o scriverci in ogni momento in cui non ti senti sicuro\/a.<\/p>\t\t\t\t\t<\/div>\n\t\t\t\t\t\t<\/div>\n\t\t\t\t<\/div>\n\t\t\t\t<div class=\"elementor-element elementor-element-3bff86e elementor-widget elementor-widget-heading\" data-id=\"3bff86e\" data-element_type=\"widget\" data-widget_type=\"heading.default\">\n\t\t\t\t<div class=\"elementor-widget-container\">\n\t\t\t<h2 class=\"elementor-heading-title elementor-size-default\">Come tuteliamo il tuo corpo<\/h2>\t\t<\/div>\n\t\t\t\t<\/div>\n\t\t\t\t<div class=\"elementor-element elementor-element-72b9aac elementor-widget elementor-widget-text-editor\" data-id=\"72b9aac\" data-element_type=\"widget\" data-widget_type=\"text-editor.default\">\n\t\t\t\t<div class=\"elementor-widget-container\">\n\t\t\t\t\t\t\t\t<div class=\"elementor-text-editor elementor-clearfix\">\n\t\t\t\t<ul><li class=\"p1\">Fissiamo i mobili alle pareti, non lasciamo oggetti rischiosi in giro e acquistiamo giocattoli e materiali adatti alla tua et\u00e0.<\/li><li class=\"p1\">Quando mangi con noi prestiamo attenzione che il cibo non sia rischioso e che tu riesca a mangiarlo in autonomia<\/li><li class=\"p1\">Quando hai comportamenti etero o auto aggressivi usiamo procedure di contenimento fisico su cui siamo formati<\/li><li class=\"p1\">Se hai paura del\/la dottore\/dottoressa usiamo metodologie che possano aiutarti a ridurre il disagio per consentirti di essere visitato\/a<\/li><li class=\"p1\">Attraverso la psico-educazione ti rendiamo consapevole dei rischi connessi alla sedentariet\u00e0, a una cattiva alimentazione, al fumo, all\u2019alcool e all\u2019assunzione di droghe.<\/li><li class=\"p1\">Sosteniamo la dignit\u00e0 di ogni corpo conforme o non conforme per questo non facciamo domande su come il tuo corpo cambia (sei dimagrito\/a?; sei ingrassato\/a?) o su come il tuo corpo \u00e8 (perch\u00e9 sei in carrozzina?)<\/li><li class=\"p1\">Siamo pronti ad ascoltarti se vuoi parlare del rapporto con il tuo corpo<\/li><li class=\"p1\">Ti coinvolgiamo in percorsi psico-educativi sulla sessualit\u00e0 per promuovere una sessualit\u00e0 sicura, sana e appagante<\/li><li class=\"p1\">Quando metti in atto comportamenti o condotte autolesioniste o rischiose (dopo averlo condiviso e definito con te) informiamo la tua famiglia per pensare a come aiutarti<\/li><li class=\"p1\">Il tuo consenso \u00e8 fondamentale: prima di abbracciarti, toccarti o avvicinarci a te ti chiediamo se ti fa piacere e ti insegniamo a fare lo stesso con gli\/le altri\/e<\/li><li class=\"p1\">Ti aiutiamo a diventare consapevole di quali ambienti e stimolazioni sensoriali ti fanno stare bene<\/li><\/ul>\t\t\t\t\t<\/div>\n\t\t\t\t\t\t<\/div>\n\t\t\t\t<\/div>\n\t\t\t\t<div class=\"elementor-element elementor-element-67895db elementor-widget elementor-widget-heading\" data-id=\"67895db\" data-element_type=\"widget\" data-widget_type=\"heading.default\">\n\t\t\t\t<div class=\"elementor-widget-container\">\n\t\t\t<h2 class=\"elementor-heading-title elementor-size-default\">Come promuoviamo un tuo cambiamento in sicurezza<\/h2>\t\t<\/div>\n\t\t\t\t<\/div>\n\t\t\t\t<div class=\"elementor-element elementor-element-3cbb6d8 elementor-widget elementor-widget-text-editor\" data-id=\"3cbb6d8\" data-element_type=\"widget\" data-widget_type=\"text-editor.default\">\n\t\t\t\t<div class=\"elementor-widget-container\">\n\t\t\t\t\t\t\t\t<div class=\"elementor-text-editor elementor-clearfix\">\n\t\t\t\t<ul><li class=\"p1\">Se non puoi esprimerti cerchiamo di intuire cosa \u00e8 importate per te e chiediamo alla tua famiglia quali sono i cambiamenti e gli apprendimenti che potrebbero darti pi\u00f9 libert\u00e0 e dignit\u00e0<\/li><li class=\"p1\">Per farti imparare non usiamo nessun tipo di violenza o costrizione fisica o psicologica e condanniamo apertamente (sui nostri canali) ogni forma di violenza<\/li><li class=\"p1\">Ti chiediamo cosa \u00e8 importante per te essere, capire, imparare o modificare<\/li><li class=\"p1\">Ci interessa sempre sapere come stai mentre impari e te lo chiediamo spesso<\/li><li class=\"p1\">Ci impegnano per farti imparare a chiedere aiuto<\/li><li class=\"p1\">Cerchiamo sempre di farti capire con un linguaggio adatto alla tua et\u00e0 quali procedure e metodologie psicologiche\/educative utilizziamo o di che ricerca sei parte<\/li><\/ul>\t\t\t\t\t<\/div>\n\t\t\t\t\t\t<\/div>\n\t\t\t\t<\/div>\n\t\t\t\t<div class=\"elementor-element elementor-element-52cdc62 elementor-widget elementor-widget-heading\" data-id=\"52cdc62\" data-element_type=\"widget\" data-widget_type=\"heading.default\">\n\t\t\t\t<div class=\"elementor-widget-container\">\n\t\t\t<h2 class=\"elementor-heading-title elementor-size-default\">Come proteggiamo la tua mente<\/h2>\t\t<\/div>\n\t\t\t\t<\/div>\n\t\t\t\t<div class=\"elementor-element elementor-element-b906d14 elementor-widget elementor-widget-text-editor\" data-id=\"b906d14\" data-element_type=\"widget\" data-widget_type=\"text-editor.default\">\n\t\t\t\t<div class=\"elementor-widget-container\">\n\t\t\t\t\t\t\t\t<div class=\"elementor-text-editor elementor-clearfix\">\n\t\t\t\t<ul><li class=\"p1\">Ti parliamo della mente per aiutarti a conoscerla e capire i suoi bisogni<\/li><li class=\"p1\">Acquistiamo e ci aggiorniamo su test e strumenti per valutare in modo oggettivo le tue caratteristiche e le tue difficolt\u00e0 e punti di forza<\/li><li class=\"p1\">Effettuiamo diagnosi precoci che ti consentano di dare un nome alle tue caratteristiche e confrontarti con una comunit\u00e0 di esseri umani in cui conoscerti e riconoscerti.<\/li><li class=\"p1\">Sosteniamo la tua individualit\u00e0 promuovendo l\u2019osservazione di te stesso non ci interessa confrontarti con gli altri n\u00e9 generare competizione con altri o con uno standard<\/li><li class=\"p1\">Non parliamo a nessuno di quello che ci dici e se la tua famiglia o altri professionisti ci chiedono informazioni decidiamo con te cosa fare e cosa dire; non condividiamo foto, video o altre informazioni senza il tuo consenso.<\/li><\/ul>\t\t\t\t\t<\/div>\n\t\t\t\t\t\t<\/div>\n\t\t\t\t<\/div>\n\t\t\t\t<div class=\"elementor-element elementor-element-dd27953 elementor-widget elementor-widget-heading\" data-id=\"dd27953\" data-element_type=\"widget\" data-widget_type=\"heading.default\">\n\t\t\t\t<div class=\"elementor-widget-container\">\n\t\t\t<h2 class=\"elementor-heading-title elementor-size-default\">Come ti tuteliamo dai rischi on line<\/h2>\t\t<\/div>\n\t\t\t\t<\/div>\n\t\t\t\t<div class=\"elementor-element elementor-element-3866677 elementor-widget elementor-widget-text-editor\" data-id=\"3866677\" data-element_type=\"widget\" data-widget_type=\"text-editor.default\">\n\t\t\t\t<div class=\"elementor-widget-container\">\n\t\t\t\t\t\t\t\t<div class=\"elementor-text-editor elementor-clearfix\">\n\t\t\t\t<ul><li class=\"p1\">Parliamo a te e alla tua famiglia dei rischi on line<\/li><li class=\"p1\">Ti diamo la possibilit\u00e0 di conoscere amici in modo sicuro on line<\/li><li class=\"p1\">Ti insegniamo a segnalare gli abusi di cui sei testimone<\/li><li class=\"p1\">Puoi scriverci in qualunque momento se sei vittima di cyberbullismo<\/li><\/ul>\t\t\t\t\t<\/div>\n\t\t\t\t\t\t<\/div>\n\t\t\t\t<\/div>\n\t\t\t\t<div class=\"elementor-element elementor-element-22b3525 elementor-widget elementor-widget-heading\" data-id=\"22b3525\" data-element_type=\"widget\" data-widget_type=\"heading.default\">\n\t\t\t\t<div class=\"elementor-widget-container\">\n\t\t\t<h2 class=\"elementor-heading-title elementor-size-default\">Come proteggiamo le tue identit\u00e0 e appartenenze<\/h2>\t\t<\/div>\n\t\t\t\t<\/div>\n\t\t\t\t<div class=\"elementor-element elementor-element-4ec74c2 elementor-widget elementor-widget-text-editor\" data-id=\"4ec74c2\" data-element_type=\"widget\" data-widget_type=\"text-editor.default\">\n\t\t\t\t<div class=\"elementor-widget-container\">\n\t\t\t\t\t\t\t\t<div class=\"elementor-text-editor elementor-clearfix\">\n\t\t\t\t<ul><li class=\"p1\">Sosteniamo e ci formiamo con professionisti e attivisti che si impegnano per la giustizia sociale<\/li><li class=\"p1\">I nostri documenti sono inclusivi per tutte le famiglie<\/li><li class=\"p1\">Da noi puoi usare il pronome che preferisci per definirti<\/li><li class=\"p1\">Rispettiamo il tuo orientamento sessuale e affettivo (non diamo per scontato che ti piaccia un ragazzo o una ragazza)<\/li><li class=\"p1\">Siamo consapevoli del razzismo, dell\u2019abilismo sistemico e di altre discriminazioni: ti aiutiamo a riconoscerli e a combatterli.<\/li><li class=\"p1\">Promuoviamo una cultura nella neurodiversit\u00e0 insegnandoti a rispettare i diversi modi di pensare, provare emozioni e comportarti.<\/li><\/ul>\t\t\t\t\t<\/div>\n\t\t\t\t\t\t<\/div>\n\t\t\t\t<\/div>\n\t\t\t\t<div class=\"elementor-element elementor-element-42d4c4b elementor-widget elementor-widget-heading\" data-id=\"42d4c4b\" data-element_type=\"widget\" data-widget_type=\"heading.default\">\n\t\t\t\t<div class=\"elementor-widget-container\">\n\t\t\t<h2 class=\"elementor-heading-title elementor-size-default\">Ricorda!!<\/h2>\t\t<\/div>\n\t\t\t\t<\/div>\n\t\t\t\t<div class=\"elementor-element elementor-element-85df0fa elementor-widget elementor-widget-text-editor\" data-id=\"85df0fa\" data-element_type=\"widget\" data-widget_type=\"text-editor.default\">\n\t\t\t\t<div class=\"elementor-widget-container\">\n\t\t\t\t\t\t\t\t<div class=\"elementor-text-editor elementor-clearfix\">\n\t\t\t\t<p><i>Questo documento \u00e8 <\/i><i>fatto <\/i><i style=\"font-size: 14px; color: var( --e-global-color-text );\">per te e lo puoi <\/i><i style=\"font-size: 14px; color: var( --e-global-color-text );\">modificare in ogni momento scrivendo, mandando un audio o una foto a Francesca Cavallini <a title=\"Chiama o scrivi a Francesca Cavallini\" href=\"\/en\/+393400648709\/\">3400648709<\/a><\/i><i style=\"font-size: 14px; color: var( --e-global-color-text );\"><br><\/i><\/p>\t\t\t\t\t<\/div>\n\t\t\t\t\t\t<\/div>\n\t\t\t\t<\/div>\n\t\t\t\t\t\t<\/div>\n\t\t\t\t\t<\/div>\n\t\t<\/div>\n\t\t\t\t\t\t\t\t<\/div>\n\t\t\t\t\t<\/div>\n\t\t<\/section>\n\t\t\t\t\t\t\t\t\t<\/div>\n\t\t\t<\/div>\n\t\t\t\t\t<\/div>","protected":false},"excerpt":{"rendered":"<p>Child Safeguarding and Child Protection Policy Il Child Safeguarding and Child Protection Policy\u00a0\u00e8 un documento che chiarisce cosa fa un&#8217;organizzazione per proteggere i bambini da abusi e danni (intenzionali o non intenzionali) di diverso tipo (sessuale, fisico, emotivo, negligenza) e comportamenti scorretti (come quellisessuali, molestie, bullismo). Il team di Tice in collaborazione con utenti e [&hellip;]<\/p>","protected":false},"author":3,"featured_media":36422,"parent":0,"menu_order":0,"comment_status":"closed","ping_status":"closed","template":"","meta":[],"_links":{"self":[{"href":"https:\/\/centrotice.it\/en\/wp-json\/wp\/v2\/pages\/36420"}],"collection":[{"href":"https:\/\/centrotice.it\/en\/wp-json\/wp\/v2\/pages"}],"about":[{"href":"https:\/\/centrotice.it\/en\/wp-json\/wp\/v2\/types\/page"}],"author":[{"embeddable":true,"href":"https:\/\/centrotice.it\/en\/wp-json\/wp\/v2\/users\/3"}],"replies":[{"embeddable":true,"href":"https:\/\/centrotice.it\/en\/wp-json\/wp\/v2\/comments?post=36420"}],"version-history":[{"count":47,"href":"https:\/\/centrotice.it\/en\/wp-json\/wp\/v2\/pages\/36420\/revisions"}],"predecessor-version":[{"id":36720,"href":"https:\/\/centrotice.it\/en\/wp-json\/wp\/v2\/pages\/36420\/revisions\/36720"}],"wp:featuredmedia":[{"embeddable":true,"href":"https:\/\/centrotice.it\/en\/wp-json\/wp\/v2\/media\/36422"}],"wp:attachment":[{"href":"https:\/\/centrotice.it\/en\/wp-json\/wp\/v2\/media?parent=36420"}],"curies":[{"name":"wp","href":"https:\/\/api.w.org\/{rel}","templated":true}]}}