{"id":37059,"date":"2024-07-30T11:51:14","date_gmt":"2024-07-30T09:51:14","guid":{"rendered":"https:\/\/centrotice.it\/?page_id=37059"},"modified":"2025-10-15T16:33:09","modified_gmt":"2025-10-15T14:33:09","slug":"premi-riconoscimenti-e-partner-2","status":"publish","type":"page","link":"https:\/\/centrotice.it\/en\/premi-riconoscimenti-e-partner-2\/","title":{"rendered":"Bandi 2024"},"content":{"rendered":"<div data-elementor-type=\"wp-page\" data-elementor-id=\"37059\" class=\"elementor elementor-37059\">\n\t\t\t\t\t\t<div class=\"elementor-inner\">\n\t\t\t\t<div class=\"elementor-section-wrap\">\n\t\t\t\t\t\t\t\t\t<section class=\"elementor-section elementor-top-section elementor-element elementor-element-566613c elementor-section-boxed elementor-section-height-default elementor-section-height-default\" data-id=\"566613c\" data-element_type=\"section\">\n\t\t\t\t\t\t<div class=\"elementor-container elementor-column-gap-default\">\n\t\t\t\t\t\t\t<div class=\"elementor-row\">\n\t\t\t\t\t<div class=\"elementor-column elementor-col-100 elementor-top-column elementor-element elementor-element-9904be4\" data-id=\"9904be4\" data-element_type=\"column\">\n\t\t\t<div class=\"elementor-column-wrap elementor-element-populated\">\n\t\t\t\t\t\t\t<div class=\"elementor-widget-wrap\">\n\t\t\t\t\t\t<div class=\"elementor-element elementor-element-2e8385c elementor-widget elementor-widget-text-editor\" data-id=\"2e8385c\" data-element_type=\"widget\" data-widget_type=\"text-editor.default\">\n\t\t\t\t<div class=\"elementor-widget-container\">\n\t\t\t\t\t\t\t\t<div class=\"elementor-text-editor elementor-clearfix\">\n\t\t\t\t<div id=\"pl-3594\" class=\"panel-layout\">\n<div id=\"pg-3594-0\" class=\"panel-grid panel-has-style\" data-style=\"{&quot;padding&quot;:&quot;30px 0px 0px 0px&quot;,&quot;background_image_attachment&quot;:false,&quot;background_display&quot;:&quot;tile&quot;,&quot;cvw_duration&quot;:&quot;300&quot;,&quot;cvw_easing&quot;:&quot;linear&quot;,&quot;cvw_anchor&quot;:&quot;top-bottom&quot;,&quot;cvw_repeat&quot;:&quot;true&quot;,&quot;cell_alignment&quot;:&quot;flex-start&quot;}\" data-ratio=\"1\" data-ratio-direction=\"right\">\n<div class=\"panel-row-style panel-row-style-for-3594-0\">\n<div id=\"pgc-3594-0-0\" class=\"panel-grid-cell\" data-weight=\"1\">\n<div id=\"panel-3594-0-0-0\" class=\"so-panel widget widget_sow-editor panel-first-child panel-last-child\" data-index=\"0\" data-style=\"{&quot;background_image_attachment&quot;:false,&quot;background_display&quot;:&quot;tile&quot;,&quot;cvw_duration&quot;:&quot;300&quot;,&quot;cvw_easing&quot;:&quot;linear&quot;,&quot;cvw_anchor&quot;:&quot;top-bottom&quot;,&quot;cvw_repeat&quot;:&quot;true&quot;}\">\n<div class=\"so-widget-sow-editor so-widget-sow-editor-base\">\n<div class=\"siteorigin-widget-tinymce textwidget\">\n<p style=\"text-align: center;\"><\/p>\n\n<\/div>\n<\/div>\n<\/div>\n<\/div>\n<\/div>\n<\/div>\n<\/div>\t\t\t\t\t<\/div>\n\t\t\t\t\t\t<\/div>\n\t\t\t\t<\/div>\n\t\t\t\t<section class=\"elementor-section elementor-inner-section elementor-element elementor-element-03d0f8a elementor-section-boxed elementor-section-height-default elementor-section-height-default\" data-id=\"03d0f8a\" data-element_type=\"section\">\n\t\t\t\t\t\t<div class=\"elementor-container elementor-column-gap-default\">\n\t\t\t\t\t\t\t<div class=\"elementor-row\">\n\t\t\t\t\t<div class=\"elementor-column elementor-col-50 elementor-inner-column elementor-element elementor-element-f4b9bb1\" data-id=\"f4b9bb1\" data-element_type=\"column\">\n\t\t\t<div class=\"elementor-column-wrap elementor-element-populated\">\n\t\t\t\t\t\t\t<div class=\"elementor-widget-wrap\">\n\t\t\t\t\t\t<div class=\"elementor-element elementor-element-20c1c39 elementor-widget elementor-widget-image\" data-id=\"20c1c39\" data-element_type=\"widget\" data-widget_type=\"image.default\">\n\t\t\t\t<div class=\"elementor-widget-container\">\n\t\t\t\t\t\t\t\t<div class=\"elementor-image\">\n\t\t\t\t\t\t\t\t\t\t\t\t<img decoding=\"async\" width=\"300\" height=\"300\" src=\"https:\/\/centrotice.it\/wp-content\/uploads\/2024\/07\/filmcommission-logo_sostER_pos-300x300.png\" class=\"attachment-medium size-medium wp-image-37064\" alt=\"\" loading=\"lazy\" srcset=\"https:\/\/centrotice.it\/wp-content\/uploads\/2024\/07\/filmcommission-logo_sostER_pos-300x300.png 300w, https:\/\/centrotice.it\/wp-content\/uploads\/2024\/07\/filmcommission-logo_sostER_pos-1024x1024.png 1024w, https:\/\/centrotice.it\/wp-content\/uploads\/2024\/07\/filmcommission-logo_sostER_pos-150x150.png 150w, https:\/\/centrotice.it\/wp-content\/uploads\/2024\/07\/filmcommission-logo_sostER_pos-768x768.png 768w, https:\/\/centrotice.it\/wp-content\/uploads\/2024\/07\/filmcommission-logo_sostER_pos-1536x1536.png 1536w, https:\/\/centrotice.it\/wp-content\/uploads\/2024\/07\/filmcommission-logo_sostER_pos-2048x2048.png 2048w, https:\/\/centrotice.it\/wp-content\/uploads\/2024\/07\/filmcommission-logo_sostER_pos-12x12.png 12w, https:\/\/centrotice.it\/wp-content\/uploads\/2024\/07\/filmcommission-logo_sostER_pos-600x600.png 600w, https:\/\/centrotice.it\/wp-content\/uploads\/2024\/07\/filmcommission-logo_sostER_pos-100x100.png 100w, https:\/\/centrotice.it\/wp-content\/uploads\/2024\/07\/filmcommission-logo_sostER_pos-400x400.png 400w, https:\/\/centrotice.it\/wp-content\/uploads\/2024\/07\/filmcommission-logo_sostER_pos-60x60.png 60w, https:\/\/centrotice.it\/wp-content\/uploads\/2024\/07\/filmcommission-logo_sostER_pos-90x90.png 90w\" sizes=\"(max-width: 300px) 100vw, 300px\" title=\"\">\t\t\t\t\t\t\t\t\t\t\t\t\t\t<\/div>\n\t\t\t\t\t\t<\/div>\n\t\t\t\t<\/div>\n\t\t\t\t\t\t<\/div>\n\t\t\t\t\t<\/div>\n\t\t<\/div>\n\t\t\t\t<div class=\"elementor-column elementor-col-50 elementor-inner-column elementor-element elementor-element-57d2039\" data-id=\"57d2039\" data-element_type=\"column\">\n\t\t\t<div class=\"elementor-column-wrap elementor-element-populated\">\n\t\t\t\t\t\t\t<div class=\"elementor-widget-wrap\">\n\t\t\t\t\t\t<div class=\"elementor-element elementor-element-091b7d9 elementor-widget elementor-widget-heading\" data-id=\"091b7d9\" data-element_type=\"widget\" data-widget_type=\"heading.default\">\n\t\t\t\t<div class=\"elementor-widget-container\">\n\t\t\t<h2 class=\"elementor-heading-title elementor-size-default\">Il modo in cui facciamo innovazione prevede di sviluppare idee che rispondano a bisogni sociali emergenti, utilizzando le nuove tecnologie e i principi della ricerca scientifica. Per testare la nostra idea e misurarne gli outcomes, partecipiamo a competizioni e bandi nazionali e internazionali.<\/h2>\t\t<\/div>\n\t\t\t\t<\/div>\n\t\t\t\t\t\t<\/div>\n\t\t\t\t\t<\/div>\n\t\t<\/div>\n\t\t\t\t\t\t\t\t<\/div>\n\t\t\t\t\t<\/div>\n\t\t<\/section>\n\t\t\t\t<div class=\"elementor-element elementor-element-ec12f64 elementor-widget-divider--view-line elementor-widget elementor-widget-divider\" data-id=\"ec12f64\" data-element_type=\"widget\" data-widget_type=\"divider.default\">\n\t\t\t\t<div class=\"elementor-widget-container\">\n\t\t\t\t\t<div class=\"elementor-divider\">\n\t\t\t<span class=\"elementor-divider-separator\">\n\t\t\t\t\t\t<\/span>\n\t\t<\/div>\n\t\t\t\t<\/div>\n\t\t\t\t<\/div>\n\t\t\t\t\t\t<\/div>\n\t\t\t\t\t<\/div>\n\t\t<\/div>\n\t\t\t\t\t\t\t\t<\/div>\n\t\t\t\t\t<\/div>\n\t\t<\/section>\n\t\t\t\t<section class=\"elementor-section elementor-top-section elementor-element elementor-element-78eccc0 elementor-section-boxed elementor-section-height-default elementor-section-height-default\" data-id=\"78eccc0\" data-element_type=\"section\">\n\t\t\t\t\t\t<div class=\"elementor-container elementor-column-gap-default\">\n\t\t\t\t\t\t\t<div class=\"elementor-row\">\n\t\t\t\t\t<div class=\"elementor-column elementor-col-100 elementor-top-column elementor-element elementor-element-93a3777\" data-id=\"93a3777\" data-element_type=\"column\">\n\t\t\t<div class=\"elementor-column-wrap elementor-element-populated\">\n\t\t\t\t\t\t\t<div class=\"elementor-widget-wrap\">\n\t\t\t\t\t\t<div class=\"elementor-element elementor-element-187d1d8 elementor-widget elementor-widget-heading\" data-id=\"187d1d8\" data-element_type=\"widget\" data-widget_type=\"heading.default\">\n\t\t\t\t<div class=\"elementor-widget-container\">\n\t\t\t<h2 class=\"elementor-heading-title elementor-size-default\">BANDO PER IL RAFFORZAMENTO DELLE COMPETENZE PER LA TRANSIZIONE INDUSTRIALE, <br>DIGITALE E GREEN LUNGO LA DIRETTRICE DELLA S3.<\/h2>\t\t<\/div>\n\t\t\t\t<\/div>\n\t\t\t\t<div class=\"elementor-element elementor-element-cb629ca elementor-widget elementor-widget-text-editor\" data-id=\"cb629ca\" data-element_type=\"widget\" data-widget_type=\"text-editor.default\">\n\t\t\t\t<div class=\"elementor-widget-container\">\n\t\t\t\t\t\t\t\t<div class=\"elementor-text-editor elementor-clearfix\">\n\t\t\t\t<p class=\"p1\"><em><strong>DECO: decostruirsi per un costruire un&#8217;innovazione sostenibile.<\/strong><\/em><\/p><p>TICE vuole promuovere un cambiamento nella pratica clinica degli interventi psicologici, diffondendo una cultura della neurodiversit\u00e0. Per farlo intendiamo rafforzare le competenze manageriali e digitali del nostro personale. L&#8217;obiettivo principale \u00e8 diventare un laboratorio di ricerca all\u2019avanguardia, attrarre ricercatori e promuovere l&#8217;innovazione collaborando con enti di ricerca internazionali.<\/p>\t\t\t\t\t<\/div>\n\t\t\t\t\t\t<\/div>\n\t\t\t\t<\/div>\n\t\t\t\t<div class=\"elementor-element elementor-element-bc7ad11 elementor-widget elementor-widget-image\" data-id=\"bc7ad11\" data-element_type=\"widget\" data-widget_type=\"image.default\">\n\t\t\t\t<div class=\"elementor-widget-container\">\n\t\t\t\t\t\t\t\t<div class=\"elementor-image\">\n\t\t\t\t\t\t\t\t\t\t\t\t<img decoding=\"async\" width=\"1024\" height=\"198\" src=\"https:\/\/centrotice.it\/wp-content\/uploads\/2024\/07\/Loghi_CoesioneITA_UE_REP_ER_21-27_compatta_colore-1024x198.png\" class=\"attachment-large size-large wp-image-37063\" alt=\"\" loading=\"lazy\" srcset=\"https:\/\/centrotice.it\/wp-content\/uploads\/2024\/07\/Loghi_CoesioneITA_UE_REP_ER_21-27_compatta_colore-1024x198.png 1024w, https:\/\/centrotice.it\/wp-content\/uploads\/2024\/07\/Loghi_CoesioneITA_UE_REP_ER_21-27_compatta_colore-300x58.png 300w, https:\/\/centrotice.it\/wp-content\/uploads\/2024\/07\/Loghi_CoesioneITA_UE_REP_ER_21-27_compatta_colore-768x148.png 768w, https:\/\/centrotice.it\/wp-content\/uploads\/2024\/07\/Loghi_CoesioneITA_UE_REP_ER_21-27_compatta_colore-1536x296.png 1536w, https:\/\/centrotice.it\/wp-content\/uploads\/2024\/07\/Loghi_CoesioneITA_UE_REP_ER_21-27_compatta_colore-2048x395.png 2048w, https:\/\/centrotice.it\/wp-content\/uploads\/2024\/07\/Loghi_CoesioneITA_UE_REP_ER_21-27_compatta_colore-18x3.png 18w, https:\/\/centrotice.it\/wp-content\/uploads\/2024\/07\/Loghi_CoesioneITA_UE_REP_ER_21-27_compatta_colore-600x116.png 600w, https:\/\/centrotice.it\/wp-content\/uploads\/2024\/07\/Loghi_CoesioneITA_UE_REP_ER_21-27_compatta_colore-190x37.png 190w, https:\/\/centrotice.it\/wp-content\/uploads\/2024\/07\/Loghi_CoesioneITA_UE_REP_ER_21-27_compatta_colore-466x90.png 466w\" sizes=\"(max-width: 1024px) 100vw, 1024px\" title=\"\">\t\t\t\t\t\t\t\t\t\t\t\t\t\t<\/div>\n\t\t\t\t\t\t<\/div>\n\t\t\t\t<\/div>\n\t\t\t\t\t\t<\/div>\n\t\t\t\t\t<\/div>\n\t\t<\/div>\n\t\t\t\t\t\t\t\t<\/div>\n\t\t\t\t\t<\/div>\n\t\t<\/section>\n\t\t\t\t<section class=\"elementor-section elementor-top-section elementor-element elementor-element-4ab94ad elementor-section-boxed elementor-section-height-default elementor-section-height-default\" data-id=\"4ab94ad\" data-element_type=\"section\">\n\t\t\t\t\t\t<div class=\"elementor-container elementor-column-gap-default\">\n\t\t\t\t\t\t\t<div class=\"elementor-row\">\n\t\t\t\t\t<div class=\"elementor-column elementor-col-100 elementor-top-column elementor-element elementor-element-63ffec8\" data-id=\"63ffec8\" data-element_type=\"column\">\n\t\t\t<div class=\"elementor-column-wrap elementor-element-populated\">\n\t\t\t\t\t\t\t<div class=\"elementor-widget-wrap\">\n\t\t\t\t\t\t<div class=\"elementor-element elementor-element-8dc3b74 elementor-widget elementor-widget-heading\" data-id=\"8dc3b74\" data-element_type=\"widget\" data-widget_type=\"heading.default\">\n\t\t\t\t<div class=\"elementor-widget-container\">\n\t\t\t<h2 class=\"elementor-heading-title elementor-size-default\">BANDO AZIONE 1.3.4. DEL PR FESR 2021-2027 <br>PER IL SETTORE DELLE IMPRESE CULTURALI E CREATIVE (ICC)<\/h2>\t\t<\/div>\n\t\t\t\t<\/div>\n\t\t\t\t<div class=\"elementor-element elementor-element-9b155ce elementor-widget elementor-widget-text-editor\" data-id=\"9b155ce\" data-element_type=\"widget\" data-widget_type=\"text-editor.default\">\n\t\t\t\t<div class=\"elementor-widget-container\">\n\t\t\t\t\t\t\t\t<div class=\"elementor-text-editor elementor-clearfix\">\n\t\t\t\t<p class=\"p1\"><em><strong>Il progetto \u2018Pappagallo: la voce della neurodivergenza La prima accademia di doppiaggio digitale per voci neurodivergenti\u2019 \u00e8 realizzato grazie ai Fondi europei della Regione Emilia-Romagna.<\/strong><\/em><\/p><p>Questo progetto sviluppa una piattaforma digitale innovativa per la formazione di giovani neurodivergenti nel doppiaggio, coinvolgendo psicologi e doppiatori professionisti. L&#8217;iniziativa crea opportunit\u00e0 lavorative e promuove l&#8217;inclusione sociale, contribuendo a sensibilizzare la societ\u00e0 sulle abilit\u00e0 uniche di ciascun individuo. Tutto questo rafforza la ricerca, l&#8217;innovazione e la competitivit\u00e0 nella nostra Regione, promuovendo un ambiente inclusivo e sicuro per lo sviluppo delle competenze dei partecipanti.<\/p>\t\t\t\t\t<\/div>\n\t\t\t\t\t\t<\/div>\n\t\t\t\t<\/div>\n\t\t\t\t<div class=\"elementor-element elementor-element-ab5d457 elementor-widget elementor-widget-image\" data-id=\"ab5d457\" data-element_type=\"widget\" data-widget_type=\"image.default\">\n\t\t\t\t<div class=\"elementor-widget-container\">\n\t\t\t\t\t\t\t\t<div class=\"elementor-image\">\n\t\t\t\t\t\t\t\t\t\t\t\t<img decoding=\"async\" width=\"1024\" height=\"198\" src=\"https:\/\/centrotice.it\/wp-content\/uploads\/2024\/07\/Loghi_CoesioneITA_UE_REP_ER_21-27_compatta_colore-1024x198.png\" class=\"attachment-large size-large wp-image-37063\" alt=\"\" loading=\"lazy\" srcset=\"https:\/\/centrotice.it\/wp-content\/uploads\/2024\/07\/Loghi_CoesioneITA_UE_REP_ER_21-27_compatta_colore-1024x198.png 1024w, https:\/\/centrotice.it\/wp-content\/uploads\/2024\/07\/Loghi_CoesioneITA_UE_REP_ER_21-27_compatta_colore-300x58.png 300w, https:\/\/centrotice.it\/wp-content\/uploads\/2024\/07\/Loghi_CoesioneITA_UE_REP_ER_21-27_compatta_colore-768x148.png 768w, https:\/\/centrotice.it\/wp-content\/uploads\/2024\/07\/Loghi_CoesioneITA_UE_REP_ER_21-27_compatta_colore-1536x296.png 1536w, https:\/\/centrotice.it\/wp-content\/uploads\/2024\/07\/Loghi_CoesioneITA_UE_REP_ER_21-27_compatta_colore-2048x395.png 2048w, https:\/\/centrotice.it\/wp-content\/uploads\/2024\/07\/Loghi_CoesioneITA_UE_REP_ER_21-27_compatta_colore-18x3.png 18w, https:\/\/centrotice.it\/wp-content\/uploads\/2024\/07\/Loghi_CoesioneITA_UE_REP_ER_21-27_compatta_colore-600x116.png 600w, https:\/\/centrotice.it\/wp-content\/uploads\/2024\/07\/Loghi_CoesioneITA_UE_REP_ER_21-27_compatta_colore-190x37.png 190w, https:\/\/centrotice.it\/wp-content\/uploads\/2024\/07\/Loghi_CoesioneITA_UE_REP_ER_21-27_compatta_colore-466x90.png 466w\" sizes=\"(max-width: 1024px) 100vw, 1024px\" title=\"\">\t\t\t\t\t\t\t\t\t\t\t\t\t\t<\/div>\n\t\t\t\t\t\t<\/div>\n\t\t\t\t<\/div>\n\t\t\t\t\t\t<\/div>\n\t\t\t\t\t<\/div>\n\t\t<\/div>\n\t\t\t\t\t\t\t\t<\/div>\n\t\t\t\t\t<\/div>\n\t\t<\/section>\n\t\t\t\t<section class=\"elementor-section elementor-top-section elementor-element elementor-element-509dbae elementor-section-boxed elementor-section-height-default elementor-section-height-default\" data-id=\"509dbae\" data-element_type=\"section\">\n\t\t\t\t\t\t<div class=\"elementor-container elementor-column-gap-default\">\n\t\t\t\t\t\t\t<div class=\"elementor-row\">\n\t\t\t\t\t<div class=\"elementor-column elementor-col-100 elementor-top-column elementor-element elementor-element-a325236\" data-id=\"a325236\" data-element_type=\"column\">\n\t\t\t<div class=\"elementor-column-wrap elementor-element-populated\">\n\t\t\t\t\t\t\t<div class=\"elementor-widget-wrap\">\n\t\t\t\t\t\t<div class=\"elementor-element elementor-element-cf5e607 elementor-widget elementor-widget-heading\" data-id=\"cf5e607\" data-element_type=\"widget\" data-widget_type=\"heading.default\">\n\t\t\t\t<div class=\"elementor-widget-container\">\n\t\t\t<h2 class=\"elementor-heading-title elementor-size-default\">BANDO PER IL SOSTEGNO DI PROGETTI DI INNOVAZIONE SOCIALE<\/h2>\t\t<\/div>\n\t\t\t\t<\/div>\n\t\t\t\t<div class=\"elementor-element elementor-element-2851a28 elementor-widget elementor-widget-text-editor\" data-id=\"2851a28\" data-element_type=\"widget\" data-widget_type=\"text-editor.default\">\n\t\t\t\t<div class=\"elementor-widget-container\">\n\t\t\t\t\t\t\t\t<div class=\"elementor-text-editor elementor-clearfix\">\n\t\t\t\t<p class=\"p1\"><strong><em>Il progetto \u2018Il partenariato Pubblico-Privato e Universit\u00e0-Territorio come strumento di innovazione sociale nel trattamento del trauma infantile\u2019 \u00e8 realizzato grazie ai Fondi europei della Regione Emilia-Romagna.<\/em><\/strong><\/p><p class=\"p1\">Questo progetto sviluppa una terapia innovativa per il trattamento del trauma infantile, integrando aspetti sensoriali e motori. Coinvolge bambini, famiglie, scuole e servizi sociali, creando una rete di collaborazione tra pubblico, privato e universit\u00e0. Rafforza la ricerca, l&#8217;innovazione e la competitivit\u00e0 nel settore socio-sanitario della Regione Emilia-Romagna, promuovendo metodologie basate su evidenze scientifiche e diffondendo conoscenze tramite formazione e trasferimento di know-how agli psicologi.<\/p>\t\t\t\t\t<\/div>\n\t\t\t\t\t\t<\/div>\n\t\t\t\t<\/div>\n\t\t\t\t<div class=\"elementor-element elementor-element-9fbcd9d elementor-widget elementor-widget-image\" data-id=\"9fbcd9d\" data-element_type=\"widget\" data-widget_type=\"image.default\">\n\t\t\t\t<div class=\"elementor-widget-container\">\n\t\t\t\t\t\t\t\t<div class=\"elementor-image\">\n\t\t\t\t\t\t\t\t\t\t\t\t<img decoding=\"async\" width=\"1024\" height=\"198\" src=\"https:\/\/centrotice.it\/wp-content\/uploads\/2024\/07\/Loghi_CoesioneITA_UE_REP_ER_21-27_compatta_colore-1024x198.png\" class=\"attachment-large size-large wp-image-37063\" alt=\"\" loading=\"lazy\" srcset=\"https:\/\/centrotice.it\/wp-content\/uploads\/2024\/07\/Loghi_CoesioneITA_UE_REP_ER_21-27_compatta_colore-1024x198.png 1024w, https:\/\/centrotice.it\/wp-content\/uploads\/2024\/07\/Loghi_CoesioneITA_UE_REP_ER_21-27_compatta_colore-300x58.png 300w, https:\/\/centrotice.it\/wp-content\/uploads\/2024\/07\/Loghi_CoesioneITA_UE_REP_ER_21-27_compatta_colore-768x148.png 768w, https:\/\/centrotice.it\/wp-content\/uploads\/2024\/07\/Loghi_CoesioneITA_UE_REP_ER_21-27_compatta_colore-1536x296.png 1536w, https:\/\/centrotice.it\/wp-content\/uploads\/2024\/07\/Loghi_CoesioneITA_UE_REP_ER_21-27_compatta_colore-2048x395.png 2048w, https:\/\/centrotice.it\/wp-content\/uploads\/2024\/07\/Loghi_CoesioneITA_UE_REP_ER_21-27_compatta_colore-18x3.png 18w, https:\/\/centrotice.it\/wp-content\/uploads\/2024\/07\/Loghi_CoesioneITA_UE_REP_ER_21-27_compatta_colore-600x116.png 600w, https:\/\/centrotice.it\/wp-content\/uploads\/2024\/07\/Loghi_CoesioneITA_UE_REP_ER_21-27_compatta_colore-190x37.png 190w, https:\/\/centrotice.it\/wp-content\/uploads\/2024\/07\/Loghi_CoesioneITA_UE_REP_ER_21-27_compatta_colore-466x90.png 466w\" sizes=\"(max-width: 1024px) 100vw, 1024px\" title=\"\">\t\t\t\t\t\t\t\t\t\t\t\t\t\t<\/div>\n\t\t\t\t\t\t<\/div>\n\t\t\t\t<\/div>\n\t\t\t\t\t\t<\/div>\n\t\t\t\t\t<\/div>\n\t\t<\/div>\n\t\t\t\t\t\t\t\t<\/div>\n\t\t\t\t\t<\/div>\n\t\t<\/section>\n\t\t\t\t\t\t\t\t\t<\/div>\n\t\t\t<\/div>\n\t\t\t\t\t<\/div>","protected":false},"excerpt":{"rendered":"<p>Il modo in cui facciamo innovazione prevede di sviluppare idee che rispondano a bisogni sociali emergenti, utilizzando le nuove tecnologie e i principi della ricerca scientifica. Per testare la nostra idea e misurarne gli outcomes, partecipiamo a competizioni e bandi nazionali e internazionali. BANDO PER IL RAFFORZAMENTO DELLE COMPETENZE PER LA TRANSIZIONE INDUSTRIALE, DIGITALE E [&hellip;]<\/p>","protected":false},"author":3,"featured_media":39052,"parent":0,"menu_order":0,"comment_status":"closed","ping_status":"closed","template":"","meta":[],"_links":{"self":[{"href":"https:\/\/centrotice.it\/en\/wp-json\/wp\/v2\/pages\/37059"}],"collection":[{"href":"https:\/\/centrotice.it\/en\/wp-json\/wp\/v2\/pages"}],"about":[{"href":"https:\/\/centrotice.it\/en\/wp-json\/wp\/v2\/types\/page"}],"author":[{"embeddable":true,"href":"https:\/\/centrotice.it\/en\/wp-json\/wp\/v2\/users\/3"}],"replies":[{"embeddable":true,"href":"https:\/\/centrotice.it\/en\/wp-json\/wp\/v2\/comments?post=37059"}],"version-history":[{"count":30,"href":"https:\/\/centrotice.it\/en\/wp-json\/wp\/v2\/pages\/37059\/revisions"}],"predecessor-version":[{"id":39082,"href":"https:\/\/centrotice.it\/en\/wp-json\/wp\/v2\/pages\/37059\/revisions\/39082"}],"wp:featuredmedia":[{"embeddable":true,"href":"https:\/\/centrotice.it\/en\/wp-json\/wp\/v2\/media\/39052"}],"wp:attachment":[{"href":"https:\/\/centrotice.it\/en\/wp-json\/wp\/v2\/media?parent=37059"}],"curies":[{"name":"wp","href":"https:\/\/api.w.org\/{rel}","templated":true}]}}