{"id":39302,"date":"2025-12-22T10:06:39","date_gmt":"2025-12-22T09:06:39","guid":{"rendered":"https:\/\/centrotice.it\/?page_id=39302"},"modified":"2026-01-25T21:28:23","modified_gmt":"2026-01-25T20:28:23","slug":"consenso-informato","status":"publish","type":"page","link":"https:\/\/centrotice.it\/en\/blog\/consenso-informato\/","title":{"rendered":"Il consenso \u00e8 una cosa seria"},"content":{"rendered":"<div data-elementor-type=\"wp-page\" data-elementor-id=\"39302\" class=\"elementor elementor-39302\">\n\t\t\t\t\t\t<div class=\"elementor-inner\">\n\t\t\t\t<div class=\"elementor-section-wrap\">\n\t\t\t\t\t\t\t\t\t<section class=\"elementor-section elementor-top-section elementor-element elementor-element-bdb61b0 elementor-section-boxed elementor-section-height-default elementor-section-height-default\" data-id=\"bdb61b0\" data-element_type=\"section\">\n\t\t\t\t\t\t<div class=\"elementor-container elementor-column-gap-default\">\n\t\t\t\t\t\t\t<div class=\"elementor-row\">\n\t\t\t\t\t<div class=\"elementor-column elementor-col-100 elementor-top-column elementor-element elementor-element-0677979\" data-id=\"0677979\" data-element_type=\"column\">\n\t\t\t<div class=\"elementor-column-wrap elementor-element-populated\">\n\t\t\t\t\t\t\t<div class=\"elementor-widget-wrap\">\n\t\t\t\t\t\t<div class=\"elementor-element elementor-element-95ff6a4 elementor-widget elementor-widget-heading\" data-id=\"95ff6a4\" data-element_type=\"widget\" data-widget_type=\"heading.default\">\n\t\t\t\t<div class=\"elementor-widget-container\">\n\t\t\t<h2 class=\"elementor-heading-title elementor-size-default\">Il blog che parla di consenso a Tice <\/h2>\t\t<\/div>\n\t\t\t\t<\/div>\n\t\t\t\t<div class=\"elementor-element elementor-element-c5b12b1 elementor-widget elementor-widget-text-editor\" data-id=\"c5b12b1\" data-element_type=\"widget\" data-widget_type=\"text-editor.default\">\n\t\t\t\t<div class=\"elementor-widget-container\">\n\t\t\t\t\t\t\t\t<div class=\"elementor-text-editor elementor-clearfix\">\n\t\t\t\t<p>L\u2019assenso non coincide con l\u2019esecuzione n\u00e9 con la performance. Un bambino pu\u00f2 \u201cfare\u201d ci\u00f2 che gli viene richiesto senza essere davvero d\u2019accordo, soprattutto se ha una storia di adulti che insistono, se ha imparato che dire no non serve o se non dispone di strumenti per chiedere pausa o stop. In questi casi l\u2019obbedienza pu\u00f2 mascherare disagio, ritiro o perdita di contatto, e ci\u00f2 che osserviamo non \u00e8 partecipazione reale, ma adattamento forzato.<\/p><p>Per noi l\u2019assenso riguarda altre dimensioni: la sicurezza emotiva, la possibilit\u00e0 di restare in relazione, il sentire di avere scelta e il sapere che i propri segnali vengono letti e rispettati. Quando l\u2019intervento produce risultati ma avviene a costo della dignit\u00e0 o della sicurezza del bambino, il lavoro perde il suo valore clinico. L\u2019efficacia non pu\u00f2 essere separata dal rispetto della persona.<\/p><p>A Tice crediamo che un percorso funzioni davvero quando il bambino sente di capire cosa sta succedendo, di potersi fermare e di poter trovare un modo personale di partecipare. Questo \u00e8 assenso. Per questo non lo consideriamo mai un dettaglio: perch\u00e9 il bambino non \u00e8 un obiettivo da raggiungere, n\u00e9 una performance da misurare, ma una persona con cui costruire un percorso possibile e umano.<\/p>\t\t\t\t\t<\/div>\n\t\t\t\t\t\t<\/div>\n\t\t\t\t<\/div>\n\t\t\t\t<div class=\"elementor-element elementor-element-c9b6bd3 elementor-grid-eael-col-2 elementor-grid-tablet-eael-col-2 elementor-grid-mobile-eael-col-1 elementor-widget elementor-widget-eael-post-grid\" data-id=\"c9b6bd3\" data-element_type=\"widget\" data-settings=\"{&quot;eael_post_grid_columns&quot;:&quot;eael-col-2&quot;,&quot;eael_post_grid_columns_tablet&quot;:&quot;eael-col-2&quot;,&quot;eael_post_grid_columns_mobile&quot;:&quot;eael-col-1&quot;}\" data-widget_type=\"eael-post-grid.default\">\n\t\t\t\t<div class=\"elementor-widget-container\">\n\t\t\t<div id=\"eael-post-grid-c9b6bd3\" class=\"eael-post-grid-container\">\n            <div class=\"eael-post-grid eael-post-appender eael-post-appender-c9b6bd3 eael-post-grid-style-default\" data-layout-mode=\"grid\"><article class=\"eael-grid-post eael-post-grid-column\" data-id=\"39757\">\n        <div class=\"eael-grid-post-holder\">\n            <div class=\"eael-grid-post-holder-inner\"><div class=\"eael-entry-media\"><div class=\"eael-entry-overlay fade-in\"><i class=\"fas fa-long-arrow-alt-right\" aria-hidden=\"true\"><\/i><a href=\"https:\/\/centrotice.it\/en\/il-consenso-e-una-cosa-seria\/consenso-bambino\/\"><\/a><\/div><div class=\"eael-entry-thumbnail\">\n                <img width=\"300\" height=\"200\" src=\"https:\/\/centrotice.it\/wp-content\/uploads\/2026\/01\/3-300x200.png\" class=\"attachment-medium size-medium wp-image-39739\" alt=\"\" decoding=\"async\" loading=\"lazy\" srcset=\"https:\/\/centrotice.it\/wp-content\/uploads\/2026\/01\/3-300x200.png 300w, https:\/\/centrotice.it\/wp-content\/uploads\/2026\/01\/3-1024x682.png 1024w, https:\/\/centrotice.it\/wp-content\/uploads\/2026\/01\/3-768x512.png 768w, https:\/\/centrotice.it\/wp-content\/uploads\/2026\/01\/3-18x12.png 18w, https:\/\/centrotice.it\/wp-content\/uploads\/2026\/01\/3-600x400.png 600w, https:\/\/centrotice.it\/wp-content\/uploads\/2026\/01\/3-90x60.png 90w, https:\/\/centrotice.it\/wp-content\/uploads\/2026\/01\/3-135x90.png 135w, https:\/\/centrotice.it\/wp-content\/uploads\/2026\/01\/3.png 1400w\" sizes=\"(max-width: 300px) 100vw, 300px\" title=\"\">\n            <\/div>\n        <\/div><div class=\"eael-entry-wrapper\"><header class=\"eael-entry-header\"><h2 class=\"eael-entry-title\"><a\n                        class=\"eael-grid-post-link\"\n                        href=\"https:\/\/centrotice.it\/en\/il-consenso-e-una-cosa-seria\/consenso-bambino\/\"\n                        title=\"Consenso e assenso nell\u2019intervento psico-educativo: il bambino ha diritto di scegliere (anche di dire no)\">Consenso e assenso nell\u2019intervento psico-educativo: il bambino ha diritto di scegliere (anche di dire no)<\/a><\/h2><\/header><div class=\"eael-entry-content\">\n                        <div class=\"eael-grid-post-excerpt\"><p>Con i minori, il consenso \u00e8 dato dai genitori o tutori, ma il professionista deve anche cercare l\u2019assenso del bambino, coinvolgendolo in modo comprensibile e rispettoso della sua et\u00e0 e...<\/p><a\n                            href=\"https:\/\/centrotice.it\/en\/il-consenso-e-una-cosa-seria\/consenso-bambino\/\"\n                            class=\"eael-post-elements-readmore-btn\">Read more<\/a><\/div>\n                    <\/div><div class=\"eael-entry-footer\"><div class=\"eael-author-avatar\"><a href=\"https:\/\/centrotice.it\/en\/author\/francesca-cavallini\/\"><img data-del=\"avatar\" src=\"https:\/\/centrotice.it\/wp-content\/uploads\/2020\/03\/Francesca-Cavallini-tice-100x100.jpg\" class=\"avatar pp-user-avatar avatar-96 photo\" height=\"96\" width=\"96\" alt=\"\" title=\"\"><\/a><\/div><div class=\"eael-entry-meta\"><span class=\"eael-posted-by\"><a href=\"https:\/\/centrotice.it\/en\/author\/francesca-cavallini\/\" title=\"Posts by Francesca Cavallini\" rel=\"author\"  itemprop=\"author\" itemscope=\"itemscope\" itemtype=\"https:\/\/schema.org\/Person\">Francesca Cavallini<\/a><\/span><\/div><\/div><\/div><\/div>\n        <\/div>\n    <\/article><article class=\"eael-grid-post eael-post-grid-column\" data-id=\"39748\">\n        <div class=\"eael-grid-post-holder\">\n            <div class=\"eael-grid-post-holder-inner\"><div class=\"eael-entry-media\"><div class=\"eael-entry-overlay fade-in\"><i class=\"fas fa-long-arrow-alt-right\" aria-hidden=\"true\"><\/i><a href=\"https:\/\/centrotice.it\/en\/il-consenso-e-una-cosa-seria\/consenso-assenso-aba\/\"><\/a><\/div><div class=\"eael-entry-thumbnail\">\n                <img width=\"300\" height=\"200\" src=\"https:\/\/centrotice.it\/wp-content\/uploads\/2026\/01\/2-300x200.png\" class=\"attachment-medium size-medium wp-image-39738\" alt=\"\" decoding=\"async\" loading=\"lazy\" srcset=\"https:\/\/centrotice.it\/wp-content\/uploads\/2026\/01\/2-300x200.png 300w, https:\/\/centrotice.it\/wp-content\/uploads\/2026\/01\/2-1024x682.png 1024w, https:\/\/centrotice.it\/wp-content\/uploads\/2026\/01\/2-768x512.png 768w, https:\/\/centrotice.it\/wp-content\/uploads\/2026\/01\/2-18x12.png 18w, https:\/\/centrotice.it\/wp-content\/uploads\/2026\/01\/2-600x400.png 600w, https:\/\/centrotice.it\/wp-content\/uploads\/2026\/01\/2-90x60.png 90w, https:\/\/centrotice.it\/wp-content\/uploads\/2026\/01\/2-135x90.png 135w, https:\/\/centrotice.it\/wp-content\/uploads\/2026\/01\/2.png 1400w\" sizes=\"(max-width: 300px) 100vw, 300px\" title=\"\">\n            <\/div>\n        <\/div><div class=\"eael-entry-wrapper\"><header class=\"eael-entry-header\"><h2 class=\"eael-entry-title\"><a\n                        class=\"eael-grid-post-link\"\n                        href=\"https:\/\/centrotice.it\/en\/il-consenso-e-una-cosa-seria\/consenso-assenso-aba\/\"\n                        title=\"Consenso e assenso nell\u2019intervento ABA-based\">Consenso e assenso nell\u2019intervento ABA-based<\/a><\/h2><\/header><div class=\"eael-entry-content\">\n                        <div class=\"eael-grid-post-excerpt\"><p>Con i minori, il consenso \u00e8 dato dai genitori o tutori, ma il professionista deve anche cercare l\u2019assenso del bambino, coinvolgendolo in modo comprensibile e rispettoso della sua et\u00e0 e...<\/p><a\n                            href=\"https:\/\/centrotice.it\/en\/il-consenso-e-una-cosa-seria\/consenso-assenso-aba\/\"\n                            class=\"eael-post-elements-readmore-btn\">Read more<\/a><\/div>\n                    <\/div><div class=\"eael-entry-footer\"><div class=\"eael-author-avatar\"><a href=\"https:\/\/centrotice.it\/en\/author\/francesca-cavallini\/\"><img data-del=\"avatar\" src=\"https:\/\/centrotice.it\/wp-content\/uploads\/2020\/03\/Francesca-Cavallini-tice-100x100.jpg\" class=\"avatar pp-user-avatar avatar-96 photo\" height=\"96\" width=\"96\" alt=\"\" title=\"\"><\/a><\/div><div class=\"eael-entry-meta\"><span class=\"eael-posted-by\"><a href=\"https:\/\/centrotice.it\/en\/author\/francesca-cavallini\/\" title=\"Posts by Francesca Cavallini\" rel=\"author\"  itemprop=\"author\" itemscope=\"itemscope\" itemtype=\"https:\/\/schema.org\/Person\">Francesca Cavallini<\/a><\/span><\/div><\/div><\/div><\/div>\n        <\/div>\n    <\/article><article class=\"eael-grid-post eael-post-grid-column\" data-id=\"39715\">\n        <div class=\"eael-grid-post-holder\">\n            <div class=\"eael-grid-post-holder-inner\"><div class=\"eael-entry-media\"><div class=\"eael-entry-overlay fade-in\"><i class=\"fas fa-long-arrow-alt-right\" aria-hidden=\"true\"><\/i><a href=\"https:\/\/centrotice.it\/en\/il-consenso-e-una-cosa-seria\/consenso-informato\/\"><\/a><\/div><div class=\"eael-entry-thumbnail\">\n                <img width=\"300\" height=\"200\" src=\"https:\/\/centrotice.it\/wp-content\/uploads\/2026\/01\/1-300x200.png\" class=\"attachment-medium size-medium wp-image-39737\" alt=\"\" decoding=\"async\" loading=\"lazy\" srcset=\"https:\/\/centrotice.it\/wp-content\/uploads\/2026\/01\/1-300x200.png 300w, https:\/\/centrotice.it\/wp-content\/uploads\/2026\/01\/1-1024x682.png 1024w, https:\/\/centrotice.it\/wp-content\/uploads\/2026\/01\/1-768x512.png 768w, https:\/\/centrotice.it\/wp-content\/uploads\/2026\/01\/1-18x12.png 18w, https:\/\/centrotice.it\/wp-content\/uploads\/2026\/01\/1-600x400.png 600w, https:\/\/centrotice.it\/wp-content\/uploads\/2026\/01\/1-90x60.png 90w, https:\/\/centrotice.it\/wp-content\/uploads\/2026\/01\/1-135x90.png 135w, https:\/\/centrotice.it\/wp-content\/uploads\/2026\/01\/1.png 1400w\" sizes=\"(max-width: 300px) 100vw, 300px\" title=\"\">\n            <\/div>\n        <\/div><div class=\"eael-entry-wrapper\"><header class=\"eael-entry-header\"><h2 class=\"eael-entry-title\"><a\n                        class=\"eael-grid-post-link\"\n                        href=\"https:\/\/centrotice.it\/en\/il-consenso-e-una-cosa-seria\/consenso-informato\/\"\n                        title=\"Consenso informato nella valutazione psicologica con minori\">Consenso informato nella valutazione psicologica con minori<\/a><\/h2><\/header><div class=\"eael-entry-content\">\n                        <div class=\"eael-grid-post-excerpt\"><p>Con i minori, il consenso \u00e8 dato dai genitori o tutori, ma il professionista deve anche cercare l\u2019assenso del bambino, coinvolgendolo in modo comprensibile e rispettoso della sua et\u00e0 e...<\/p><a\n                            href=\"https:\/\/centrotice.it\/en\/il-consenso-e-una-cosa-seria\/consenso-informato\/\"\n                            class=\"eael-post-elements-readmore-btn\">Read more<\/a><\/div>\n                    <\/div><div class=\"eael-entry-footer\"><div class=\"eael-author-avatar\"><a href=\"https:\/\/centrotice.it\/en\/author\/francesca-cavallini\/\"><img data-del=\"avatar\" src=\"https:\/\/centrotice.it\/wp-content\/uploads\/2020\/03\/Francesca-Cavallini-tice-100x100.jpg\" class=\"avatar pp-user-avatar avatar-96 photo\" height=\"96\" width=\"96\" alt=\"\" title=\"\"><\/a><\/div><div class=\"eael-entry-meta\"><span class=\"eael-posted-by\"><a href=\"https:\/\/centrotice.it\/en\/author\/francesca-cavallini\/\" title=\"Posts by Francesca Cavallini\" rel=\"author\"  itemprop=\"author\" itemscope=\"itemscope\" itemtype=\"https:\/\/schema.org\/Person\">Francesca Cavallini<\/a><\/span><\/div><\/div><\/div><\/div>\n        <\/div>\n    <\/article><\/div>\n            <div class=\"clearfix\"><\/div>\n        <\/div>\t\t<\/div>\n\t\t\t\t<\/div>\n\t\t\t\t\t\t<\/div>\n\t\t\t\t\t<\/div>\n\t\t<\/div>\n\t\t\t\t\t\t\t\t<\/div>\n\t\t\t\t\t<\/div>\n\t\t<\/section>\n\t\t\t\t\t\t\t\t\t<\/div>\n\t\t\t<\/div>\n\t\t\t\t\t<\/div>","protected":false},"excerpt":{"rendered":"<p>Il blog che parla di consenso a Tice L\u2019assenso non coincide con l\u2019esecuzione n\u00e9 con la performance. Un bambino pu\u00f2 \u201cfare\u201d ci\u00f2 che gli viene richiesto senza essere davvero d\u2019accordo, soprattutto se ha una storia di adulti che insistono, se ha imparato che dire no non serve o se non dispone di strumenti per chiedere [&hellip;]<\/p>","protected":false},"author":3,"featured_media":37609,"parent":5444,"menu_order":0,"comment_status":"closed","ping_status":"closed","template":"","meta":[],"_links":{"self":[{"href":"https:\/\/centrotice.it\/en\/wp-json\/wp\/v2\/pages\/39302"}],"collection":[{"href":"https:\/\/centrotice.it\/en\/wp-json\/wp\/v2\/pages"}],"about":[{"href":"https:\/\/centrotice.it\/en\/wp-json\/wp\/v2\/types\/page"}],"author":[{"embeddable":true,"href":"https:\/\/centrotice.it\/en\/wp-json\/wp\/v2\/users\/3"}],"replies":[{"embeddable":true,"href":"https:\/\/centrotice.it\/en\/wp-json\/wp\/v2\/comments?post=39302"}],"version-history":[{"count":15,"href":"https:\/\/centrotice.it\/en\/wp-json\/wp\/v2\/pages\/39302\/revisions"}],"predecessor-version":[{"id":39764,"href":"https:\/\/centrotice.it\/en\/wp-json\/wp\/v2\/pages\/39302\/revisions\/39764"}],"up":[{"embeddable":true,"href":"https:\/\/centrotice.it\/en\/wp-json\/wp\/v2\/pages\/5444"}],"wp:featuredmedia":[{"embeddable":true,"href":"https:\/\/centrotice.it\/en\/wp-json\/wp\/v2\/media\/37609"}],"wp:attachment":[{"href":"https:\/\/centrotice.it\/en\/wp-json\/wp\/v2\/media?parent=39302"}],"curies":[{"name":"wp","href":"https:\/\/api.w.org\/{rel}","templated":true}]}}