{"id":4749,"date":"2020-10-05T14:45:25","date_gmt":"2020-10-05T12:45:25","guid":{"rendered":"https:\/\/centrotice.gedinfo.com\/?page_id=4749"},"modified":"2026-01-03T22:46:54","modified_gmt":"2026-01-03T21:46:54","slug":"community-lgbtq","status":"publish","type":"page","link":"https:\/\/centrotice.it\/en\/chi-aiutiamo\/community-lgbtq\/","title":{"rendered":"Community LGBTQ+"},"content":{"rendered":"<div data-elementor-type=\"wp-page\" data-elementor-id=\"4749\" class=\"elementor elementor-4749\">\n\t\t\t\t\t\t<div class=\"elementor-inner\">\n\t\t\t\t<div class=\"elementor-section-wrap\">\n\t\t\t\t\t\t\t\t\t<section class=\"elementor-section elementor-top-section elementor-element elementor-element-a78e599 elementor-section-boxed elementor-section-height-default elementor-section-height-default\" data-id=\"a78e599\" data-element_type=\"section\">\n\t\t\t\t\t\t<div class=\"elementor-container elementor-column-gap-default\">\n\t\t\t\t\t\t\t<div class=\"elementor-row\">\n\t\t\t\t\t<div class=\"elementor-column elementor-col-100 elementor-top-column elementor-element elementor-element-52e0f27\" data-id=\"52e0f27\" data-element_type=\"column\">\n\t\t\t<div class=\"elementor-column-wrap elementor-element-populated\">\n\t\t\t\t\t\t\t<div class=\"elementor-widget-wrap\">\n\t\t\t\t\t\t<div class=\"elementor-element elementor-element-ba29cc4 elementor-widget elementor-widget-spacer\" data-id=\"ba29cc4\" data-element_type=\"widget\" data-widget_type=\"spacer.default\">\n\t\t\t\t<div class=\"elementor-widget-container\">\n\t\t\t\t\t<div class=\"elementor-spacer\">\n\t\t\t<div class=\"elementor-spacer-inner\"><\/div>\n\t\t<\/div>\n\t\t\t\t<\/div>\n\t\t\t\t<\/div>\n\t\t\t\t<div class=\"elementor-element elementor-element-6f44391 elementor-widget elementor-widget-heading\" data-id=\"6f44391\" data-element_type=\"widget\" data-widget_type=\"heading.default\">\n\t\t\t\t<div class=\"elementor-widget-container\">\n\t\t\t<h2 class=\"elementor-heading-title elementor-size-default\">Scopri qui tutti i servizi di TICE dedicati a persone LGBTQ+ <\/h2>\t\t<\/div>\n\t\t\t\t<\/div>\n\t\t\t\t\t\t<\/div>\n\t\t\t\t\t<\/div>\n\t\t<\/div>\n\t\t\t\t\t\t\t\t<\/div>\n\t\t\t\t\t<\/div>\n\t\t<\/section>\n\t\t\t\t<section class=\"elementor-section elementor-top-section elementor-element elementor-element-ede2557 elementor-section-boxed elementor-section-height-default elementor-section-height-default\" data-id=\"ede2557\" data-element_type=\"section\">\n\t\t\t\t\t\t<div class=\"elementor-container elementor-column-gap-default\">\n\t\t\t\t\t\t\t<div class=\"elementor-row\">\n\t\t\t\t\t<div class=\"elementor-column elementor-col-50 elementor-top-column elementor-element elementor-element-6cb04e5\" data-id=\"6cb04e5\" data-element_type=\"column\">\n\t\t\t<div class=\"elementor-column-wrap elementor-element-populated\">\n\t\t\t\t\t\t\t<div class=\"elementor-widget-wrap\">\n\t\t\t\t\t\t<div class=\"elementor-element elementor-element-32dff1f elementor-widget elementor-widget-text-editor\" data-id=\"32dff1f\" data-element_type=\"widget\" data-widget_type=\"text-editor.default\">\n\t\t\t\t<div class=\"elementor-widget-container\">\n\t\t\t\t\t\t\t\t<div class=\"elementor-text-editor elementor-clearfix\">\n\t\t\t\t<p class=\"p1\"><span class=\"s1\">Immagina di sapere in giovane et\u00e0 che sei divers\u0259. Immagina di vedere ogni giorno la differenza con le altre relazioni intorno a te. Immagina che i tuoi colleghi al lavoro o i tuoi compagni di classe parlino di omosessualit\u00e0 scherzando e sottolineando che sei diverso. Immagina che le istituzioni sociali e culturali ti informino che la tua differenza non \u00e8 accettabile. Immagina di desiderare ardentemente di stare con altri che sono anche loro diversi, ma non hai modo di connetterti con loro.<\/span><\/p>\t\t\t\t\t<\/div>\n\t\t\t\t\t\t<\/div>\n\t\t\t\t<\/div>\n\t\t\t\t\t\t<\/div>\n\t\t\t\t\t<\/div>\n\t\t<\/div>\n\t\t\t\t<div class=\"elementor-column elementor-col-50 elementor-top-column elementor-element elementor-element-a520794\" data-id=\"a520794\" data-element_type=\"column\">\n\t\t\t<div class=\"elementor-column-wrap elementor-element-populated\">\n\t\t\t\t\t\t\t<div class=\"elementor-widget-wrap\">\n\t\t\t\t\t\t<div class=\"elementor-element elementor-element-21001dd elementor-widget elementor-widget-image\" data-id=\"21001dd\" data-element_type=\"widget\" data-widget_type=\"image.default\">\n\t\t\t\t<div class=\"elementor-widget-container\">\n\t\t\t\t\t\t\t\t<div class=\"elementor-image\">\n\t\t\t\t\t\t\t\t\t\t\t\t<img decoding=\"async\" width=\"1024\" height=\"576\" src=\"https:\/\/centrotice.it\/wp-content\/uploads\/2021\/08\/comunitylgbtq-1024x576.jpg\" class=\"attachment-large size-large wp-image-9441\" alt=\"comunitylgbtq\" loading=\"lazy\" srcset=\"https:\/\/centrotice.it\/wp-content\/uploads\/2021\/08\/comunitylgbtq-1024x576.jpg 1024w, https:\/\/centrotice.it\/wp-content\/uploads\/2021\/08\/comunitylgbtq-600x338.jpg 600w, https:\/\/centrotice.it\/wp-content\/uploads\/2021\/08\/comunitylgbtq-300x169.jpg 300w, https:\/\/centrotice.it\/wp-content\/uploads\/2021\/08\/comunitylgbtq-768x432.jpg 768w, https:\/\/centrotice.it\/wp-content\/uploads\/2021\/08\/comunitylgbtq.jpg 1400w\" sizes=\"(max-width: 1024px) 100vw, 1024px\" title=\"\">\t\t\t\t\t\t\t\t\t\t\t\t\t\t<\/div>\n\t\t\t\t\t\t<\/div>\n\t\t\t\t<\/div>\n\t\t\t\t\t\t<\/div>\n\t\t\t\t\t<\/div>\n\t\t<\/div>\n\t\t\t\t\t\t\t\t<\/div>\n\t\t\t\t\t<\/div>\n\t\t<\/section>\n\t\t\t\t<section class=\"elementor-section elementor-top-section elementor-element elementor-element-62fa700 elementor-section-boxed elementor-section-height-default elementor-section-height-default\" data-id=\"62fa700\" data-element_type=\"section\">\n\t\t\t\t\t\t<div class=\"elementor-container elementor-column-gap-default\">\n\t\t\t\t\t\t\t<div class=\"elementor-row\">\n\t\t\t\t\t<div class=\"elementor-column elementor-col-100 elementor-top-column elementor-element elementor-element-25dc7bc\" data-id=\"25dc7bc\" data-element_type=\"column\">\n\t\t\t<div class=\"elementor-column-wrap elementor-element-populated\">\n\t\t\t\t\t\t\t<div class=\"elementor-widget-wrap\">\n\t\t\t\t\t\t<div class=\"elementor-element elementor-element-6ce175d elementor-widget elementor-widget-text-editor\" data-id=\"6ce175d\" data-element_type=\"widget\" data-widget_type=\"text-editor.default\">\n\t\t\t\t<div class=\"elementor-widget-container\">\n\t\t\t\t\t\t\t\t<div class=\"elementor-text-editor elementor-clearfix\">\n\t\t\t\t<p class=\"p1\"><span class=\"s1\">Per molte persone lesbiche, gay, bisessuali e transgender (LGBTQ+), questa \u00e8 stata la realt\u00e0 della loro infanzia e del loro sviluppo nell&#8217;et\u00e0 adulta. Gli effetti duraturi delle esperienze con tali pregiudizi e discriminazioni sono profondi.<\/span><\/p>\t\t\t\t\t<\/div>\n\t\t\t\t\t\t<\/div>\n\t\t\t\t<\/div>\n\t\t\t\t\t\t<\/div>\n\t\t\t\t\t<\/div>\n\t\t<\/div>\n\t\t\t\t\t\t\t\t<\/div>\n\t\t\t\t\t<\/div>\n\t\t<\/section>\n\t\t\t\t<section class=\"elementor-section elementor-top-section elementor-element elementor-element-e57b85a elementor-section-boxed elementor-section-height-default elementor-section-height-default\" data-id=\"e57b85a\" data-element_type=\"section\">\n\t\t\t\t\t\t<div class=\"elementor-container elementor-column-gap-default\">\n\t\t\t\t\t\t\t<div class=\"elementor-row\">\n\t\t\t\t\t<div class=\"elementor-column elementor-col-100 elementor-top-column elementor-element elementor-element-6cfbbf3\" data-id=\"6cfbbf3\" data-element_type=\"column\">\n\t\t\t<div class=\"elementor-column-wrap elementor-element-populated\">\n\t\t\t\t\t\t\t<div class=\"elementor-widget-wrap\">\n\t\t\t\t\t\t<div class=\"elementor-element elementor-element-f807543 elementor-widget elementor-widget-heading\" data-id=\"f807543\" data-element_type=\"widget\" data-widget_type=\"heading.default\">\n\t\t\t\t<div class=\"elementor-widget-container\">\n\t\t\t<h2 class=\"elementor-heading-title elementor-size-default\">Quali sono le conseguenze?<\/h2>\t\t<\/div>\n\t\t\t\t<\/div>\n\t\t\t\t\t\t<\/div>\n\t\t\t\t\t<\/div>\n\t\t<\/div>\n\t\t\t\t\t\t\t\t<\/div>\n\t\t\t\t\t<\/div>\n\t\t<\/section>\n\t\t\t\t<section class=\"elementor-section elementor-top-section elementor-element elementor-element-e6c498b elementor-section-boxed elementor-section-height-default elementor-section-height-default\" data-id=\"e6c498b\" data-element_type=\"section\">\n\t\t\t\t\t\t<div class=\"elementor-container elementor-column-gap-default\">\n\t\t\t\t\t\t\t<div class=\"elementor-row\">\n\t\t\t\t\t<div class=\"elementor-column elementor-col-50 elementor-top-column elementor-element elementor-element-73f67ee\" data-id=\"73f67ee\" data-element_type=\"column\">\n\t\t\t<div class=\"elementor-column-wrap elementor-element-populated\">\n\t\t\t\t\t\t\t<div class=\"elementor-widget-wrap\">\n\t\t\t\t\t\t<div class=\"elementor-element elementor-element-6535b7e elementor-widget elementor-widget-text-editor\" data-id=\"6535b7e\" data-element_type=\"widget\" data-widget_type=\"text-editor.default\">\n\t\t\t\t<div class=\"elementor-widget-container\">\n\t\t\t\t\t\t\t\t<div class=\"elementor-text-editor elementor-clearfix\">\n\t\t\t\t\n \t<li>Le persone LGBTQ+\u00a0spesso lottano con depressione, ansia, trauma e accettazione di s\u00e9 a causa di continue discriminazioni nel corso della loro vita. I giovani LGBTQ+\u00a0hanno un rischio di tre o quattro volte pi\u00f9 alto di tentare il suicidio rispetto ai loro pari.<\/li>\n \t<li>Esistono prove del fatto che tutto questo\u00a0<b style=\"font-size: 14px; color: var( --e-global-color-text );\">sia dovuto a un&#8217;esposizione costante e intensa delle persone LGBTQ+\u00a0a pregiudizi e discriminazioni sociali e istituzionali. <\/b><span style=\"font-size: 14px; color: var( --e-global-color-text );\">Vi sono molte somiglianze tra gli effetti della discriminazione e il modo in cui le persone reagiscono e affrontano lo stress direttamente correlato al pregiudizio.<\/span><\/li>\n<\/ul>\t\t\t\t\t<\/div>\n\t\t\t\t\t\t<\/div>\n\t\t\t\t<\/div>\n\t\t\t\t\t\t<\/div>\n\t\t\t\t\t<\/div>\n\t\t<\/div>\n\t\t\t\t<div class=\"elementor-column elementor-col-50 elementor-top-column elementor-element elementor-element-dc83c79\" data-id=\"dc83c79\" data-element_type=\"column\">\n\t\t\t<div class=\"elementor-column-wrap elementor-element-populated\">\n\t\t\t\t\t\t\t<div class=\"elementor-widget-wrap\">\n\t\t\t\t\t\t<div class=\"elementor-element elementor-element-f474ec9 elementor-widget elementor-widget-image\" data-id=\"f474ec9\" data-element_type=\"widget\" data-widget_type=\"image.default\">\n\t\t\t\t<div class=\"elementor-widget-container\">\n\t\t\t\t\t\t\t\t<div class=\"elementor-image\">\n\t\t\t\t\t\t\t\t\t\t\t\t<img decoding=\"async\" width=\"1024\" height=\"576\" src=\"https:\/\/centrotice.it\/wp-content\/uploads\/2021\/08\/comunitalgbtq2-1024x576.jpg\" class=\"attachment-large size-large wp-image-9442\" alt=\"comunitalgbtq2\" loading=\"lazy\" srcset=\"https:\/\/centrotice.it\/wp-content\/uploads\/2021\/08\/comunitalgbtq2-1024x576.jpg 1024w, https:\/\/centrotice.it\/wp-content\/uploads\/2021\/08\/comunitalgbtq2-600x338.jpg 600w, https:\/\/centrotice.it\/wp-content\/uploads\/2021\/08\/comunitalgbtq2-300x169.jpg 300w, https:\/\/centrotice.it\/wp-content\/uploads\/2021\/08\/comunitalgbtq2-768x432.jpg 768w, https:\/\/centrotice.it\/wp-content\/uploads\/2021\/08\/comunitalgbtq2.jpg 1400w\" sizes=\"(max-width: 1024px) 100vw, 1024px\" title=\"\">\t\t\t\t\t\t\t\t\t\t\t\t\t\t<\/div>\n\t\t\t\t\t\t<\/div>\n\t\t\t\t<\/div>\n\t\t\t\t\t\t<\/div>\n\t\t\t\t\t<\/div>\n\t\t<\/div>\n\t\t\t\t\t\t\t\t<\/div>\n\t\t\t\t\t<\/div>\n\t\t<\/section>\n\t\t\t\t<section class=\"elementor-section elementor-top-section elementor-element elementor-element-307c241 elementor-section-boxed elementor-section-height-default elementor-section-height-default\" data-id=\"307c241\" data-element_type=\"section\">\n\t\t\t\t\t\t<div class=\"elementor-container elementor-column-gap-default\">\n\t\t\t\t\t\t\t<div class=\"elementor-row\">\n\t\t\t\t\t<div class=\"elementor-column elementor-col-100 elementor-top-column elementor-element elementor-element-71ee4f4\" data-id=\"71ee4f4\" data-element_type=\"column\">\n\t\t\t<div class=\"elementor-column-wrap elementor-element-populated\">\n\t\t\t\t\t\t\t<div class=\"elementor-widget-wrap\">\n\t\t\t\t\t\t<div class=\"elementor-element elementor-element-be2b13f elementor-widget elementor-widget-text-editor\" data-id=\"be2b13f\" data-element_type=\"widget\" data-widget_type=\"text-editor.default\">\n\t\t\t\t<div class=\"elementor-widget-container\">\n\t\t\t\t\t\t\t\t<div class=\"elementor-text-editor elementor-clearfix\">\n\t\t\t\t<p>It is important to remember, however, that <strong>non tutte le persone\u00a0<\/strong><span style=\"font-family: 'Open Sans', sans-serif; font-size: 14px; font-style: normal; font-variant-ligatures: normal; font-variant-caps: normal; font-weight: 400;\">LGBTQ+<\/span><strong>\u00a0hanno vissuto le stesse esperienze,\u00a0<\/strong>che<strong> le persone rispondono a esperienze simili in modi diversi e<\/strong>\u00a0che le difficolt\u00e0 che possono essere vissute per il proprio orientamento sessuale (lesbiche, gay e bisessuali) sono molto diverse da quelle relative alla propria identit\u00e0 di genere.<\/p>\t\t\t\t\t<\/div>\n\t\t\t\t\t\t<\/div>\n\t\t\t\t<\/div>\n\t\t\t\t<div class=\"elementor-element elementor-element-fdb9d97 elementor-widget elementor-widget-heading\" data-id=\"fdb9d97\" data-element_type=\"widget\" data-widget_type=\"heading.default\">\n\t\t\t\t<div class=\"elementor-widget-container\">\n\t\t\t<h4 class=\"elementor-heading-title elementor-size-default\">I SERVIZI DI TICE PER LA COMUNIT\u00c0 LGBTQ+<\/h4>\t\t<\/div>\n\t\t\t\t<\/div>\n\t\t\t\t\t\t<\/div>\n\t\t\t\t\t<\/div>\n\t\t<\/div>\n\t\t\t\t\t\t\t\t<\/div>\n\t\t\t\t\t<\/div>\n\t\t<\/section>\n\t\t\t\t<section class=\"elementor-section elementor-top-section elementor-element elementor-element-caa9342 elementor-section-boxed elementor-section-height-default elementor-section-height-default\" data-id=\"caa9342\" data-element_type=\"section\" data-settings=\"{&quot;background_background&quot;:&quot;classic&quot;}\">\n\t\t\t\t\t\t<div class=\"elementor-container elementor-column-gap-extended\">\n\t\t\t\t\t\t\t<div class=\"elementor-row\">\n\t\t\t\t\t<div class=\"elementor-column elementor-col-33 elementor-top-column elementor-element elementor-element-23e79cd\" data-id=\"23e79cd\" data-element_type=\"column\" data-settings=\"{&quot;background_background&quot;:&quot;classic&quot;}\">\n\t\t\t<div class=\"elementor-column-wrap elementor-element-populated\">\n\t\t\t\t\t\t\t<div class=\"elementor-widget-wrap\">\n\t\t\t\t\t\t<div class=\"elementor-element elementor-element-5484430 elementor-view-default elementor-widget elementor-widget-icon\" data-id=\"5484430\" data-element_type=\"widget\" data-widget_type=\"icon.default\">\n\t\t\t\t<div class=\"elementor-widget-container\">\n\t\t\t\t\t<div class=\"elementor-icon-wrapper\">\n\t\t\t<div class=\"elementor-icon\">\n\t\t\t<i aria-hidden=\"true\" class=\"fas fa-users\"><\/i>\t\t\t<\/div>\n\t\t<\/div>\n\t\t\t\t<\/div>\n\t\t\t\t<\/div>\n\t\t\t\t<div class=\"elementor-element elementor-element-926df17 elementor-widget elementor-widget-text-editor\" data-id=\"926df17\" data-element_type=\"widget\" data-widget_type=\"text-editor.default\">\n\t\t\t\t<div class=\"elementor-widget-container\">\n\t\t\t\t\t\t\t\t<div class=\"elementor-text-editor elementor-clearfix\">\n\t\t\t\t<p><b>COMMUNITY IN VIVO E ONLINE<\/b><\/p>\t\t\t\t\t<\/div>\n\t\t\t\t\t\t<\/div>\n\t\t\t\t<\/div>\n\t\t\t\t<div class=\"elementor-element elementor-element-e74c100 elementor-widget elementor-widget-text-editor\" data-id=\"e74c100\" data-element_type=\"widget\" data-widget_type=\"text-editor.default\">\n\t\t\t\t<div class=\"elementor-widget-container\">\n\t\t\t\t\t\t\t\t<div class=\"elementor-text-editor elementor-clearfix\">\n\t\t\t\tI gruppi psicologici di TICE (in vivo e online) sostengono le persone LGBTQ+ nello sviluppo di relazioni significative, offrendo supporto nei momenti di difficolt\u00e0. Favoriscono inoltre il contatto con associazioni nazionali e locali, promuovendo una partecipazione pi\u00f9 attiva alle attivit\u00e0 di advocacy.\t\t\t\t\t<\/div>\n\t\t\t\t\t\t<\/div>\n\t\t\t\t<\/div>\n\t\t\t\t\t\t<\/div>\n\t\t\t\t\t<\/div>\n\t\t<\/div>\n\t\t\t\t<div class=\"elementor-column elementor-col-33 elementor-top-column elementor-element elementor-element-2e0d556\" data-id=\"2e0d556\" data-element_type=\"column\" data-settings=\"{&quot;background_background&quot;:&quot;classic&quot;}\">\n\t\t\t<div class=\"elementor-column-wrap elementor-element-populated\">\n\t\t\t\t\t\t\t<div class=\"elementor-widget-wrap\">\n\t\t\t\t\t\t<div class=\"elementor-element elementor-element-0e40d3c elementor-view-default elementor-widget elementor-widget-icon\" data-id=\"0e40d3c\" data-element_type=\"widget\" data-widget_type=\"icon.default\">\n\t\t\t\t<div class=\"elementor-widget-container\">\n\t\t\t\t\t<div class=\"elementor-icon-wrapper\">\n\t\t\t<div class=\"elementor-icon\">\n\t\t\t<i aria-hidden=\"true\" class=\"fas fa-heart\"><\/i>\t\t\t<\/div>\n\t\t<\/div>\n\t\t\t\t<\/div>\n\t\t\t\t<\/div>\n\t\t\t\t<div class=\"elementor-element elementor-element-7c95a4c elementor-widget elementor-widget-text-editor\" data-id=\"7c95a4c\" data-element_type=\"widget\" data-widget_type=\"text-editor.default\">\n\t\t\t\t<div class=\"elementor-widget-container\">\n\t\t\t\t\t\t\t\t<div class=\"elementor-text-editor elementor-clearfix\">\n\t\t\t\t<p><b>SUPPORTO PSICOLOGICO INDIVIDUALE<\/b><\/p>\t\t\t\t\t<\/div>\n\t\t\t\t\t\t<\/div>\n\t\t\t\t<\/div>\n\t\t\t\t<div class=\"elementor-element elementor-element-4052f67 elementor-widget elementor-widget-text-editor\" data-id=\"4052f67\" data-element_type=\"widget\" data-widget_type=\"text-editor.default\">\n\t\t\t\t<div class=\"elementor-widget-container\">\n\t\t\t\t\t\t\t\t<div class=\"elementor-text-editor elementor-clearfix\">\n\t\t\t\tPsicolog\u0259 e psicoterapeut\u0259 di TICE hanno una formazione specifica nel supporto emotivo e nei percorsi di psicoterapia rivolti a persone della comunit\u00e0 LGBTQ+. Inoltre, i professionisti di TICE collaborano con diverse associazioni, facilitando eventuali invii e momenti di confronto.\t\t\t\t\t<\/div>\n\t\t\t\t\t\t<\/div>\n\t\t\t\t<\/div>\n\t\t\t\t<div class=\"elementor-element elementor-element-0df8a56 elementor-widget elementor-widget-text-editor\" data-id=\"0df8a56\" data-element_type=\"widget\" data-widget_type=\"text-editor.default\">\n\t\t\t\t<div class=\"elementor-widget-container\">\n\t\t\t\t\t\t\t\t<div class=\"elementor-text-editor elementor-clearfix\">\n\t\t\t\t\t\t\t\t\t<\/div>\n\t\t\t\t\t\t<\/div>\n\t\t\t\t<\/div>\n\t\t\t\t\t\t<\/div>\n\t\t\t\t\t<\/div>\n\t\t<\/div>\n\t\t\t\t<div class=\"elementor-column elementor-col-33 elementor-top-column elementor-element elementor-element-96352d0\" data-id=\"96352d0\" data-element_type=\"column\" data-settings=\"{&quot;background_background&quot;:&quot;classic&quot;}\">\n\t\t\t<div class=\"elementor-column-wrap elementor-element-populated\">\n\t\t\t\t\t\t\t<div class=\"elementor-widget-wrap\">\n\t\t\t\t\t\t<div class=\"elementor-element elementor-element-542989d elementor-view-default elementor-widget elementor-widget-icon\" data-id=\"542989d\" data-element_type=\"widget\" data-widget_type=\"icon.default\">\n\t\t\t\t<div class=\"elementor-widget-container\">\n\t\t\t\t\t<div class=\"elementor-icon-wrapper\">\n\t\t\t<div class=\"elementor-icon\">\n\t\t\t<i aria-hidden=\"true\" class=\"far fa-comments\"><\/i>\t\t\t<\/div>\n\t\t<\/div>\n\t\t\t\t<\/div>\n\t\t\t\t<\/div>\n\t\t\t\t<div class=\"elementor-element elementor-element-3cce724 elementor-widget elementor-widget-text-editor\" data-id=\"3cce724\" data-element_type=\"widget\" data-widget_type=\"text-editor.default\">\n\t\t\t\t<div class=\"elementor-widget-container\">\n\t\t\t\t\t\t\t\t<div class=\"elementor-text-editor elementor-clearfix\">\n\t\t\t\t<p><b>PARENT SUPPORT<\/b><\/p>\t\t\t\t\t<\/div>\n\t\t\t\t\t\t<\/div>\n\t\t\t\t<\/div>\n\t\t\t\t<div class=\"elementor-element elementor-element-3c78bff elementor-widget elementor-widget-text-editor\" data-id=\"3c78bff\" data-element_type=\"widget\" data-widget_type=\"text-editor.default\">\n\t\t\t\t<div class=\"elementor-widget-container\">\n\t\t\t\t\t\t\t\t<div class=\"elementor-text-editor elementor-clearfix\">\n\t\t\t\tTICE offre percorsi psicologici dedicati alle persone LGBTQ+ e ai loro familiari. I professionisti di TICE forniscono strumenti di supporto emotivo e di comprensione anche ai genitori di persone LGBTQ+, attraverso percorsi di parent support pensati per favorire il dialogo, l\u2019ascolto e un accompagnamento consapevole.\t\t\t\t\t<\/div>\n\t\t\t\t\t\t<\/div>\n\t\t\t\t<\/div>\n\t\t\t\t\t\t<\/div>\n\t\t\t\t\t<\/div>\n\t\t<\/div>\n\t\t\t\t\t\t\t\t<\/div>\n\t\t\t\t\t<\/div>\n\t\t<\/section>\n\t\t\t\t<section class=\"elementor-section elementor-top-section elementor-element elementor-element-6d5ce78 elementor-section-stretched elementor-section-boxed elementor-section-height-default elementor-section-height-default\" data-id=\"6d5ce78\" data-element_type=\"section\" data-settings=\"{&quot;stretch_section&quot;:&quot;section-stretched&quot;,&quot;background_background&quot;:&quot;classic&quot;}\">\n\t\t\t\t\t\t<div class=\"elementor-container elementor-column-gap-default\">\n\t\t\t\t\t\t\t<div class=\"elementor-row\">\n\t\t\t\t\t<div class=\"elementor-column elementor-col-100 elementor-top-column elementor-element elementor-element-5d23e9a\" data-id=\"5d23e9a\" data-element_type=\"column\">\n\t\t\t<div class=\"elementor-column-wrap elementor-element-populated\">\n\t\t\t\t\t\t\t<div class=\"elementor-widget-wrap\">\n\t\t\t\t\t\t<div class=\"elementor-element elementor-element-7f62789 elementor-widget elementor-widget-heading\" data-id=\"7f62789\" data-element_type=\"widget\" data-widget_type=\"heading.default\">\n\t\t\t\t<div class=\"elementor-widget-container\">\n\t\t\t<p class=\"elementor-heading-title elementor-size-xl\">Per informazioni scrivi a<\/p>\t\t<\/div>\n\t\t\t\t<\/div>\n\t\t\t\t<section class=\"elementor-section elementor-inner-section elementor-element elementor-element-ec62ef1 elementor-section-boxed elementor-section-height-default elementor-section-height-default\" data-id=\"ec62ef1\" data-element_type=\"section\">\n\t\t\t\t\t\t<div class=\"elementor-container elementor-column-gap-default\">\n\t\t\t\t\t\t\t<div class=\"elementor-row\">\n\t\t\t\t\t<div class=\"elementor-column elementor-col-50 elementor-inner-column elementor-element elementor-element-7e4a5e8\" data-id=\"7e4a5e8\" data-element_type=\"column\">\n\t\t\t<div class=\"elementor-column-wrap elementor-element-populated\">\n\t\t\t\t\t\t\t<div class=\"elementor-widget-wrap\">\n\t\t\t\t\t\t<div class=\"elementor-element elementor-element-2b5530b elementor-widget elementor-widget-image\" data-id=\"2b5530b\" data-element_type=\"widget\" data-widget_type=\"image.default\">\n\t\t\t\t<div class=\"elementor-widget-container\">\n\t\t\t\t\t\t\t\t<div class=\"elementor-image\">\n\t\t\t\t\t\t\t\t\t\t\t\t<img decoding=\"async\" width=\"150\" height=\"150\" src=\"https:\/\/centrotice.it\/wp-content\/uploads\/2020\/02\/Iris-Pelizzoni-tice-150x150.jpg\" class=\"attachment-thumbnail size-thumbnail wp-image-494\" alt=\"Iris Pelizzoni | Psicologa Queer\" loading=\"lazy\" srcset=\"https:\/\/centrotice.it\/wp-content\/uploads\/2020\/02\/Iris-Pelizzoni-tice-150x150.jpg 150w, https:\/\/centrotice.it\/wp-content\/uploads\/2020\/02\/Iris-Pelizzoni-tice-300x300.jpg 300w, https:\/\/centrotice.it\/wp-content\/uploads\/2020\/02\/Iris-Pelizzoni-tice-100x100.jpg 100w, https:\/\/centrotice.it\/wp-content\/uploads\/2020\/02\/Iris-Pelizzoni-tice.jpg 500w, https:\/\/centrotice.it\/wp-content\/uploads\/2020\/02\/Iris-Pelizzoni-tice-400x400.jpg 400w\" sizes=\"(max-width: 150px) 100vw, 150px\" title=\"\">\t\t\t\t\t\t\t\t\t\t\t\t\t\t<\/div>\n\t\t\t\t\t\t<\/div>\n\t\t\t\t<\/div>\n\t\t\t\t\t\t<\/div>\n\t\t\t\t\t<\/div>\n\t\t<\/div>\n\t\t\t\t<div class=\"elementor-column elementor-col-50 elementor-inner-column elementor-element elementor-element-37c16de\" data-id=\"37c16de\" data-element_type=\"column\">\n\t\t\t<div class=\"elementor-column-wrap elementor-element-populated\">\n\t\t\t\t\t\t\t<div class=\"elementor-widget-wrap\">\n\t\t\t\t\t\t<div class=\"elementor-element elementor-element-d654af9 elementor-widget elementor-widget-text-editor\" data-id=\"d654af9\" data-element_type=\"widget\" data-widget_type=\"text-editor.default\">\n\t\t\t\t<div class=\"elementor-widget-container\">\n\t\t\t\t\t\t\t\t<div class=\"elementor-text-editor elementor-clearfix\">\n\t\t\t\t<p><a title=\"Check out the tab Francesca Cavallini\" href=\"\/en\/team\/iris-pelizzoni\/\"><strong>Iris Pelizzoni<\/strong><\/a><br \/>Mobile phone: <a href=\"tel:+393311045295\" rel=\"nofollow\">331 10 45 295<\/a><br \/>Email <a href=\"mailto:iris.pelizzoni@centrotice.it\">iris.pelizzoni@centrotice.it<\/a><\/p>\t\t\t\t\t<\/div>\n\t\t\t\t\t\t<\/div>\n\t\t\t\t<\/div>\n\t\t\t\t\t\t<\/div>\n\t\t\t\t\t<\/div>\n\t\t<\/div>\n\t\t\t\t\t\t\t\t<\/div>\n\t\t\t\t\t<\/div>\n\t\t<\/section>\n\t\t\t\t\t\t<\/div>\n\t\t\t\t\t<\/div>\n\t\t<\/div>\n\t\t\t\t\t\t\t\t<\/div>\n\t\t\t\t\t<\/div>\n\t\t<\/section>\n\t\t\t\t\t\t\t\t\t<\/div>\n\t\t\t<\/div>\n\t\t\t\t\t<\/div>","protected":false},"excerpt":{"rendered":"<p>Scopri qui tutti i servizi di TICE dedicati a persone LGBTQ+ Immagina di sapere in giovane et\u00e0 che sei divers\u0259. Immagina di vedere ogni giorno la differenza con le altre relazioni intorno a te. Immagina che i tuoi colleghi al lavoro o i tuoi compagni di classe parlino di omosessualit\u00e0 scherzando e sottolineando che sei [&hellip;]<\/p>","protected":false},"author":2,"featured_media":4852,"parent":981,"menu_order":0,"comment_status":"closed","ping_status":"closed","template":"","meta":[],"_links":{"self":[{"href":"https:\/\/centrotice.it\/en\/wp-json\/wp\/v2\/pages\/4749"}],"collection":[{"href":"https:\/\/centrotice.it\/en\/wp-json\/wp\/v2\/pages"}],"about":[{"href":"https:\/\/centrotice.it\/en\/wp-json\/wp\/v2\/types\/page"}],"author":[{"embeddable":true,"href":"https:\/\/centrotice.it\/en\/wp-json\/wp\/v2\/users\/2"}],"replies":[{"embeddable":true,"href":"https:\/\/centrotice.it\/en\/wp-json\/wp\/v2\/comments?post=4749"}],"version-history":[{"count":56,"href":"https:\/\/centrotice.it\/en\/wp-json\/wp\/v2\/pages\/4749\/revisions"}],"predecessor-version":[{"id":39519,"href":"https:\/\/centrotice.it\/en\/wp-json\/wp\/v2\/pages\/4749\/revisions\/39519"}],"up":[{"embeddable":true,"href":"https:\/\/centrotice.it\/en\/wp-json\/wp\/v2\/pages\/981"}],"wp:featuredmedia":[{"embeddable":true,"href":"https:\/\/centrotice.it\/en\/wp-json\/wp\/v2\/media\/4852"}],"wp:attachment":[{"href":"https:\/\/centrotice.it\/en\/wp-json\/wp\/v2\/media?parent=4749"}],"curies":[{"name":"wp","href":"https:\/\/api.w.org\/{rel}","templated":true}]}}