{"id":6543,"date":"2021-03-26T10:04:55","date_gmt":"2021-03-26T09:04:55","guid":{"rendered":"https:\/\/centrotice.it\/?page_id=6543"},"modified":"2026-01-02T14:57:59","modified_gmt":"2026-01-02T13:57:59","slug":"animali-e-psicologia","status":"publish","type":"page","link":"https:\/\/centrotice.it\/en\/animali-e-psicologia\/","title":{"rendered":"Animals and psychology"},"content":{"rendered":"<div data-elementor-type=\"wp-page\" data-elementor-id=\"6543\" class=\"elementor elementor-6543\">\n\t\t\t\t\t\t<div class=\"elementor-inner\">\n\t\t\t\t<div class=\"elementor-section-wrap\">\n\t\t\t\t\t\t\t\t\t<section class=\"elementor-section elementor-top-section elementor-element elementor-element-bdb61b0 elementor-section-boxed elementor-section-height-default elementor-section-height-default\" data-id=\"bdb61b0\" data-element_type=\"section\">\n\t\t\t\t\t\t<div class=\"elementor-container elementor-column-gap-default\">\n\t\t\t\t\t\t\t<div class=\"elementor-row\">\n\t\t\t\t\t<div class=\"elementor-column elementor-col-100 elementor-top-column elementor-element elementor-element-0677979\" data-id=\"0677979\" data-element_type=\"column\">\n\t\t\t<div class=\"elementor-column-wrap elementor-element-populated\">\n\t\t\t\t\t\t\t<div class=\"elementor-widget-wrap\">\n\t\t\t\t\t\t<div class=\"elementor-element elementor-element-95ff6a4 elementor-widget elementor-widget-heading\" data-id=\"95ff6a4\" data-element_type=\"widget\" data-widget_type=\"heading.default\">\n\t\t\t\t<div class=\"elementor-widget-container\">\n\t\t\t<h2 class=\"elementor-heading-title elementor-size-default\">Crescere insieme: bambini e amici a quattro zampe<\/h2>\t\t<\/div>\n\t\t\t\t<\/div>\n\t\t\t\t<div class=\"elementor-element elementor-element-28b16f7 elementor-widget elementor-widget-text-editor\" data-id=\"28b16f7\" data-element_type=\"widget\" data-widget_type=\"text-editor.default\">\n\t\t\t\t<div class=\"elementor-widget-container\">\n\t\t\t\t\t\t\t\t<div class=\"elementor-text-editor elementor-clearfix\">\n\t\t\t\tLa relazione con un amico a quattro zampe pu\u00f2 diventare una preziosa occasione di crescita, apprendimento e affetto, soprattutto per i pi\u00f9 piccoli. Il contatto con gli animali favorisce lo sviluppo emotivo, il senso di responsabilit\u00e0 e l\u2019empatia, contribuendo al benessere di tutta la famiglia. In questa rubrica, la Dott.ssa Ilaria Torelli offrir\u00e0 suggerimenti pratici e riflessioni utili per vivere in modo sereno e consapevole questa importante esperienza di vita, valorizzandone i benefici e affrontandone le possibili difficolt\u00e0.\t\t\t\t\t<\/div>\n\t\t\t\t\t\t<\/div>\n\t\t\t\t<\/div>\n\t\t\t\t<div class=\"elementor-element elementor-element-c9b6bd3 elementor-grid-eael-col-2 elementor-grid-tablet-eael-col-2 elementor-grid-mobile-eael-col-1 elementor-widget elementor-widget-eael-post-grid\" data-id=\"c9b6bd3\" data-element_type=\"widget\" data-settings=\"{&quot;eael_post_grid_columns&quot;:&quot;eael-col-2&quot;,&quot;eael_post_grid_columns_tablet&quot;:&quot;eael-col-2&quot;,&quot;eael_post_grid_columns_mobile&quot;:&quot;eael-col-1&quot;}\" data-widget_type=\"eael-post-grid.default\">\n\t\t\t\t<div class=\"elementor-widget-container\">\n\t\t\t<div id=\"eael-post-grid-c9b6bd3\" class=\"eael-post-grid-container\">\n            <div class=\"eael-post-grid eael-post-appender eael-post-appender-c9b6bd3 eael-post-grid-style-default\" data-layout-mode=\"grid\"><article class=\"eael-grid-post eael-post-grid-column\" data-id=\"5883\">\n        <div class=\"eael-grid-post-holder\">\n            <div class=\"eael-grid-post-holder-inner\"><div class=\"eael-entry-media\"><div class=\"eael-entry-overlay fade-in\"><i class=\"fas fa-long-arrow-alt-right\" aria-hidden=\"true\"><\/i><a href=\"https:\/\/centrotice.it\/en\/animali-e-psicologia\/figlio-cane-adozione\/\"><\/a><\/div><div class=\"eael-entry-thumbnail\">\n                <img width=\"300\" height=\"225\" src=\"https:\/\/centrotice.it\/wp-content\/uploads\/2021\/02\/WhatsApp-Image-2021-01-17-at-20.22.03-300x225.jpeg\" class=\"attachment-medium size-medium wp-image-5886\" alt=\"relazione\" decoding=\"async\" loading=\"lazy\" srcset=\"https:\/\/centrotice.it\/wp-content\/uploads\/2021\/02\/WhatsApp-Image-2021-01-17-at-20.22.03-300x225.jpeg 300w, https:\/\/centrotice.it\/wp-content\/uploads\/2021\/02\/WhatsApp-Image-2021-01-17-at-20.22.03-600x450.jpeg 600w, https:\/\/centrotice.it\/wp-content\/uploads\/2021\/02\/WhatsApp-Image-2021-01-17-at-20.22.03-1024x768.jpeg 1024w, https:\/\/centrotice.it\/wp-content\/uploads\/2021\/02\/WhatsApp-Image-2021-01-17-at-20.22.03-768x576.jpeg 768w, https:\/\/centrotice.it\/wp-content\/uploads\/2021\/02\/WhatsApp-Image-2021-01-17-at-20.22.03-1536x1152.jpeg 1536w, https:\/\/centrotice.it\/wp-content\/uploads\/2021\/02\/WhatsApp-Image-2021-01-17-at-20.22.03.jpeg 1600w\" sizes=\"(max-width: 300px) 100vw, 300px\" title=\"\">\n            <\/div>\n        <\/div><div class=\"eael-entry-wrapper\"><header class=\"eael-entry-header\"><h2 class=\"eael-entry-title\"><a\n                        class=\"eael-grid-post-link\"\n                        href=\"https:\/\/centrotice.it\/en\/animali-e-psicologia\/figlio-cane-adozione\/\"\n                        title=\"When you want to both a dog&lt;br&gt; (con Mirtilla &amp; Kora)\">When you want to both a dog<br> (with Moaning &amp; Kora)<\/a><\/h2><\/header><div class=\"eael-entry-content\">\n                        <div class=\"eael-grid-post-excerpt\"><p>Keep asking me to adopt a dog, but you already know that, then I&#039;ll have to do everything myself! How can I tell if it is a true desire or whim?<\/p><a\n                            href=\"https:\/\/centrotice.it\/en\/animali-e-psicologia\/figlio-cane-adozione\/\"\n                            class=\"eael-post-elements-readmore-btn\">Read more<\/a><\/div>\n                    <\/div><div class=\"eael-entry-footer\"><div class=\"eael-author-avatar\"><a href=\"https:\/\/centrotice.it\/en\/author\/ilaria-torelli\/\"><img data-del=\"avatar\" src=\"https:\/\/centrotice.it\/wp-content\/uploads\/2020\/02\/Ilaria-Torelli-tice-100x100.jpg\" class=\"avatar pp-user-avatar avatar-96 photo\" height=\"96\" width=\"96\" alt=\"\" title=\"\"><\/a><\/div><div class=\"eael-entry-meta\"><span class=\"eael-posted-by\"><a href=\"https:\/\/centrotice.it\/en\/author\/ilaria-torelli\/\" title=\"Posts by Ilaria Torelli\" rel=\"author\"  itemprop=\"author\" itemscope=\"itemscope\" itemtype=\"https:\/\/schema.org\/Person\">Ilaria Torelli<\/a><\/span><\/div><\/div><\/div><\/div>\n        <\/div>\n    <\/article><article class=\"eael-grid-post eael-post-grid-column\" data-id=\"5901\">\n        <div class=\"eael-grid-post-holder\">\n            <div class=\"eael-grid-post-holder-inner\"><div class=\"eael-entry-media\"><div class=\"eael-entry-overlay fade-in\"><i class=\"fas fa-long-arrow-alt-right\" aria-hidden=\"true\"><\/i><a href=\"https:\/\/centrotice.it\/en\/animali-e-psicologia\/relazione-cane-bambino\/\"><\/a><\/div><div class=\"eael-entry-thumbnail\">\n                <img width=\"300\" height=\"230\" src=\"https:\/\/centrotice.it\/wp-content\/uploads\/2021\/04\/cane-relazione-300x230.jpg\" class=\"attachment-medium size-medium wp-image-6851\" alt=\"cane-relazione\" decoding=\"async\" loading=\"lazy\" srcset=\"https:\/\/centrotice.it\/wp-content\/uploads\/2021\/04\/cane-relazione-300x230.jpg 300w, https:\/\/centrotice.it\/wp-content\/uploads\/2021\/04\/cane-relazione-600x460.jpg 600w, https:\/\/centrotice.it\/wp-content\/uploads\/2021\/04\/cane-relazione-1024x785.jpg 1024w, https:\/\/centrotice.it\/wp-content\/uploads\/2021\/04\/cane-relazione-768x589.jpg 768w, https:\/\/centrotice.it\/wp-content\/uploads\/2021\/04\/cane-relazione.jpg 1351w\" sizes=\"(max-width: 300px) 100vw, 300px\" title=\"\">\n            <\/div>\n        <\/div><div class=\"eael-entry-wrapper\"><header class=\"eael-entry-header\"><h2 class=\"eael-entry-title\"><a\n                        class=\"eael-grid-post-link\"\n                        href=\"https:\/\/centrotice.it\/en\/animali-e-psicologia\/relazione-cane-bambino\/\"\n                        title=\"The relationship with the 4-legged friend &lt;br&gt;(con Mirtilla &amp; Kora)\">The relationship with the 4-legged friend <br>(with Moaning &amp; Kora)<\/a><\/h2><\/header><div class=\"eael-entry-content\">\n                        <div class=\"eael-grid-post-excerpt\"><p>The 4 legged friend will be a travelling companion, a faithful, but will always need us in a relationship emotionally very intense.<\/p><a\n                            href=\"https:\/\/centrotice.it\/en\/animali-e-psicologia\/relazione-cane-bambino\/\"\n                            class=\"eael-post-elements-readmore-btn\">Read more<\/a><\/div>\n                    <\/div><div class=\"eael-entry-footer\"><div class=\"eael-author-avatar\"><a href=\"https:\/\/centrotice.it\/en\/author\/ilaria-torelli\/\"><img data-del=\"avatar\" src=\"https:\/\/centrotice.it\/wp-content\/uploads\/2020\/02\/Ilaria-Torelli-tice-100x100.jpg\" class=\"avatar pp-user-avatar avatar-96 photo\" height=\"96\" width=\"96\" alt=\"\" title=\"\"><\/a><\/div><div class=\"eael-entry-meta\"><span class=\"eael-posted-by\"><a href=\"https:\/\/centrotice.it\/en\/author\/ilaria-torelli\/\" title=\"Posts by Ilaria Torelli\" rel=\"author\"  itemprop=\"author\" itemscope=\"itemscope\" itemtype=\"https:\/\/schema.org\/Person\">Ilaria Torelli<\/a><\/span><\/div><\/div><\/div><\/div>\n        <\/div>\n    <\/article><article class=\"eael-grid-post eael-post-grid-column\" data-id=\"5904\">\n        <div class=\"eael-grid-post-holder\">\n            <div class=\"eael-grid-post-holder-inner\"><div class=\"eael-entry-media\"><div class=\"eael-entry-overlay fade-in\"><i class=\"fas fa-long-arrow-alt-right\" aria-hidden=\"true\"><\/i><a href=\"https:\/\/centrotice.it\/en\/animali-e-psicologia\/cane-difficolta\/\"><\/a><\/div><div class=\"eael-entry-thumbnail\">\n                <img width=\"300\" height=\"225\" src=\"https:\/\/centrotice.it\/wp-content\/uploads\/2021\/02\/WhatsApp-Image-2021-01-17-at-20.23.47-300x225.jpeg\" class=\"attachment-medium size-medium wp-image-5890\" alt=\"cane-difficolt\u00e0\" decoding=\"async\" loading=\"lazy\" srcset=\"https:\/\/centrotice.it\/wp-content\/uploads\/2021\/02\/WhatsApp-Image-2021-01-17-at-20.23.47-300x225.jpeg 300w, https:\/\/centrotice.it\/wp-content\/uploads\/2021\/02\/WhatsApp-Image-2021-01-17-at-20.23.47-600x450.jpeg 600w, https:\/\/centrotice.it\/wp-content\/uploads\/2021\/02\/WhatsApp-Image-2021-01-17-at-20.23.47-1024x768.jpeg 1024w, https:\/\/centrotice.it\/wp-content\/uploads\/2021\/02\/WhatsApp-Image-2021-01-17-at-20.23.47-768x576.jpeg 768w, https:\/\/centrotice.it\/wp-content\/uploads\/2021\/02\/WhatsApp-Image-2021-01-17-at-20.23.47-1536x1152.jpeg 1536w, https:\/\/centrotice.it\/wp-content\/uploads\/2021\/02\/WhatsApp-Image-2021-01-17-at-20.23.47.jpeg 1600w\" sizes=\"(max-width: 300px) 100vw, 300px\" title=\"\">\n            <\/div>\n        <\/div><div class=\"eael-entry-wrapper\"><header class=\"eael-entry-header\"><h2 class=\"eael-entry-title\"><a\n                        class=\"eael-grid-post-link\"\n                        href=\"https:\/\/centrotice.it\/en\/animali-e-psicologia\/cane-difficolta\/\"\n                        title=\"The daily challenges of living with a dog &lt;br&gt;(con Mirtilla &amp; Kora)\">The daily challenges of living with a dog <br>(with Moaning &amp; Kora)<\/a><\/h2><\/header><div class=\"eael-entry-content\">\n                        <div class=\"eael-grid-post-excerpt\"><p>Life with a dog completely changes and sometimes the daily challenges are many. How can we survive? Let&#039;s look at it together with Kora and Moaning.<\/p><a\n                            href=\"https:\/\/centrotice.it\/en\/animali-e-psicologia\/cane-difficolta\/\"\n                            class=\"eael-post-elements-readmore-btn\">Read more<\/a><\/div>\n                    <\/div><div class=\"eael-entry-footer\"><div class=\"eael-author-avatar\"><a href=\"https:\/\/centrotice.it\/en\/author\/ilaria-torelli\/\"><img data-del=\"avatar\" src=\"https:\/\/centrotice.it\/wp-content\/uploads\/2020\/02\/Ilaria-Torelli-tice-100x100.jpg\" class=\"avatar pp-user-avatar avatar-96 photo\" height=\"96\" width=\"96\" alt=\"\" title=\"\"><\/a><\/div><div class=\"eael-entry-meta\"><span class=\"eael-posted-by\"><a href=\"https:\/\/centrotice.it\/en\/author\/ilaria-torelli\/\" title=\"Posts by Ilaria Torelli\" rel=\"author\"  itemprop=\"author\" itemscope=\"itemscope\" itemtype=\"https:\/\/schema.org\/Person\">Ilaria Torelli<\/a><\/span><\/div><\/div><\/div><\/div>\n        <\/div>\n    <\/article><article class=\"eael-grid-post eael-post-grid-column\" data-id=\"5944\">\n        <div class=\"eael-grid-post-holder\">\n            <div class=\"eael-grid-post-holder-inner\"><div class=\"eael-entry-media\"><div class=\"eael-entry-overlay fade-in\"><i class=\"fas fa-long-arrow-alt-right\" aria-hidden=\"true\"><\/i><a href=\"https:\/\/centrotice.it\/en\/animali-e-psicologia\/cane-sgridato-emozioni\/\"><\/a><\/div><div class=\"eael-entry-thumbnail\">\n                <img width=\"300\" height=\"200\" src=\"https:\/\/centrotice.it\/wp-content\/uploads\/2021\/04\/colpa-cane-300x200.png\" class=\"attachment-medium size-medium wp-image-21963\" alt=\"colpa-cane\" decoding=\"async\" loading=\"lazy\" srcset=\"https:\/\/centrotice.it\/wp-content\/uploads\/2021\/04\/colpa-cane-300x200.png 300w, https:\/\/centrotice.it\/wp-content\/uploads\/2021\/04\/colpa-cane-600x400.png 600w, https:\/\/centrotice.it\/wp-content\/uploads\/2021\/04\/colpa-cane-1024x682.png 1024w, https:\/\/centrotice.it\/wp-content\/uploads\/2021\/04\/colpa-cane-768x512.png 768w, https:\/\/centrotice.it\/wp-content\/uploads\/2021\/04\/colpa-cane.png 1400w\" sizes=\"(max-width: 300px) 100vw, 300px\" title=\"\">\n            <\/div>\n        <\/div><div class=\"eael-entry-wrapper\"><header class=\"eael-entry-header\"><h2 class=\"eael-entry-title\"><a\n                        class=\"eael-grid-post-link\"\n                        href=\"https:\/\/centrotice.it\/en\/animali-e-psicologia\/cane-sgridato-emozioni\/\"\n                        title=\"I feel guilty: I yelled at my dog! &lt;br&gt;(con Mirtilla &amp; Kora)\">I feel guilty: I yelled at my dog! <br>(with Moaning &amp; Kora)<\/a><\/h2><\/header><div class=\"eael-entry-content\">\n                        <div class=\"eael-grid-post-excerpt\"><p>There are situations in which we have sgridarlo and right after that, we feel guilty!<\/p><a\n                            href=\"https:\/\/centrotice.it\/en\/animali-e-psicologia\/cane-sgridato-emozioni\/\"\n                            class=\"eael-post-elements-readmore-btn\">Read more<\/a><\/div>\n                    <\/div><div class=\"eael-entry-footer\"><div class=\"eael-author-avatar\"><a href=\"https:\/\/centrotice.it\/en\/author\/ilaria-torelli\/\"><img data-del=\"avatar\" src=\"https:\/\/centrotice.it\/wp-content\/uploads\/2020\/02\/Ilaria-Torelli-tice-100x100.jpg\" class=\"avatar pp-user-avatar avatar-96 photo\" height=\"96\" width=\"96\" alt=\"\" title=\"\"><\/a><\/div><div class=\"eael-entry-meta\"><span class=\"eael-posted-by\"><a href=\"https:\/\/centrotice.it\/en\/author\/ilaria-torelli\/\" title=\"Posts by Ilaria Torelli\" rel=\"author\"  itemprop=\"author\" itemscope=\"itemscope\" itemtype=\"https:\/\/schema.org\/Person\">Ilaria Torelli<\/a><\/span><\/div><\/div><\/div><\/div>\n        <\/div>\n    <\/article><article class=\"eael-grid-post eael-post-grid-column\" data-id=\"5935\">\n        <div class=\"eael-grid-post-holder\">\n            <div class=\"eael-grid-post-holder-inner\"><div class=\"eael-entry-media\"><div class=\"eael-entry-overlay fade-in\"><i class=\"fas fa-long-arrow-alt-right\" aria-hidden=\"true\"><\/i><a href=\"https:\/\/centrotice.it\/en\/animali-e-psicologia\/morte-cane-bambino\/\"><\/a><\/div><div class=\"eael-entry-thumbnail\">\n                <img width=\"300\" height=\"200\" src=\"https:\/\/centrotice.it\/wp-content\/uploads\/2021\/05\/kora-malata-300x200.png\" class=\"attachment-medium size-medium wp-image-24185\" alt=\"kora-malata\" decoding=\"async\" loading=\"lazy\" srcset=\"https:\/\/centrotice.it\/wp-content\/uploads\/2021\/05\/kora-malata-300x200.png 300w, https:\/\/centrotice.it\/wp-content\/uploads\/2021\/05\/kora-malata-600x400.png 600w, https:\/\/centrotice.it\/wp-content\/uploads\/2021\/05\/kora-malata-1024x682.png 1024w, https:\/\/centrotice.it\/wp-content\/uploads\/2021\/05\/kora-malata-768x512.png 768w, https:\/\/centrotice.it\/wp-content\/uploads\/2021\/05\/kora-malata.png 1400w\" sizes=\"(max-width: 300px) 100vw, 300px\" title=\"\">\n            <\/div>\n        <\/div><div class=\"eael-entry-wrapper\"><header class=\"eael-entry-header\"><h2 class=\"eael-entry-title\"><a\n                        class=\"eael-grid-post-link\"\n                        href=\"https:\/\/centrotice.it\/en\/animali-e-psicologia\/morte-cane-bambino\/\"\n                        title=\"The death of the dog (with Moaning &amp; Kora)\">The death of the dog (with Moaning &amp; Kora)<\/a><\/h2><\/header><div class=\"eael-entry-content\">\n                        <div class=\"eael-grid-post-excerpt\"><p>The death of a dog is a painful moment, and for children may be the first time you lose someone you loved. How to tell her? Will he bear it? Let us ask a...<\/p><a\n                            href=\"https:\/\/centrotice.it\/en\/animali-e-psicologia\/morte-cane-bambino\/\"\n                            class=\"eael-post-elements-readmore-btn\">Read more<\/a><\/div>\n                    <\/div><div class=\"eael-entry-footer\"><div class=\"eael-author-avatar\"><a href=\"https:\/\/centrotice.it\/en\/author\/ilaria-torelli\/\"><img data-del=\"avatar\" src=\"https:\/\/centrotice.it\/wp-content\/uploads\/2020\/02\/Ilaria-Torelli-tice-100x100.jpg\" class=\"avatar pp-user-avatar avatar-96 photo\" height=\"96\" width=\"96\" alt=\"\" title=\"\"><\/a><\/div><div class=\"eael-entry-meta\"><span class=\"eael-posted-by\"><a href=\"https:\/\/centrotice.it\/en\/author\/ilaria-torelli\/\" title=\"Posts by Ilaria Torelli\" rel=\"author\"  itemprop=\"author\" itemscope=\"itemscope\" itemtype=\"https:\/\/schema.org\/Person\">Ilaria Torelli<\/a><\/span><\/div><\/div><\/div><\/div>\n        <\/div>\n    <\/article><\/div>\n            <div class=\"clearfix\"><\/div>\n        <\/div>\t\t<\/div>\n\t\t\t\t<\/div>\n\t\t\t\t\t\t<\/div>\n\t\t\t\t\t<\/div>\n\t\t<\/div>\n\t\t\t\t\t\t\t\t<\/div>\n\t\t\t\t\t<\/div>\n\t\t<\/section>\n\t\t\t\t\t\t\t\t\t<\/div>\n\t\t\t<\/div>\n\t\t\t\t\t<\/div>","protected":false},"excerpt":{"rendered":"<p>Crescere insieme: bambini e amici a quattro zampe La relazione con un amico a quattro zampe pu\u00f2 diventare una preziosa occasione di crescita, apprendimento e affetto, soprattutto per i pi\u00f9 piccoli. Il contatto con gli animali favorisce lo sviluppo emotivo, il senso di responsabilit\u00e0 e l\u2019empatia, contribuendo al benessere di tutta la famiglia. In questa [&hellip;]<\/p>","protected":false},"author":2,"featured_media":5858,"parent":0,"menu_order":0,"comment_status":"closed","ping_status":"closed","template":"","meta":[],"_links":{"self":[{"href":"https:\/\/centrotice.it\/en\/wp-json\/wp\/v2\/pages\/6543"}],"collection":[{"href":"https:\/\/centrotice.it\/en\/wp-json\/wp\/v2\/pages"}],"about":[{"href":"https:\/\/centrotice.it\/en\/wp-json\/wp\/v2\/types\/page"}],"author":[{"embeddable":true,"href":"https:\/\/centrotice.it\/en\/wp-json\/wp\/v2\/users\/2"}],"replies":[{"embeddable":true,"href":"https:\/\/centrotice.it\/en\/wp-json\/wp\/v2\/comments?post=6543"}],"version-history":[{"count":22,"href":"https:\/\/centrotice.it\/en\/wp-json\/wp\/v2\/pages\/6543\/revisions"}],"predecessor-version":[{"id":39464,"href":"https:\/\/centrotice.it\/en\/wp-json\/wp\/v2\/pages\/6543\/revisions\/39464"}],"wp:featuredmedia":[{"embeddable":true,"href":"https:\/\/centrotice.it\/en\/wp-json\/wp\/v2\/media\/5858"}],"wp:attachment":[{"href":"https:\/\/centrotice.it\/en\/wp-json\/wp\/v2\/media?parent=6543"}],"curies":[{"name":"wp","href":"https:\/\/api.w.org\/{rel}","templated":true}]}}