{"id":7,"date":"2020-02-18T13:24:22","date_gmt":"2020-02-18T12:24:22","guid":{"rendered":"https:\/\/centrotice.gedinfo.com\/?page_id=7"},"modified":"2020-11-16T17:46:02","modified_gmt":"2020-11-16T16:46:02","slug":"cookies-policy","status":"publish","type":"page","link":"https:\/\/centrotice.it\/en\/cookies-policy\/","title":{"rendered":"Cookies Policy"},"content":{"rendered":"<p>Sono utilizzati:<\/p>\n<ul>\n<li><b>i c.d. &#8220;cookie tecnici&#8221;<\/b>\u00a0per garantire la normale navigazione del sito e la fruizione dei suoi servizi:\n<ul>\n<li>cookie di sessione sono essenziali per poter distinguere tra gli utenti collegati, e sono utili per evitare che una funzionalit\u00e0 richiesta possa essere fornita all&#8217;utente sbagliato, nonch\u00e9 per fini di sicurezza per impedire attacchi informatici<br \/>\nal sito. I cookie di sessione non contengono dati personali e durano per la sola sessione in corso, cio\u00e8 fino alla chiusura del browser.<\/li>\n<li>functionality cookie utilizzati dal sito sono strettamente necessari per l&#8217;uso del sito, in particolare sono collegati ad una espressa richiesta di funzionalit\u00e0 da parte dell&#8217;utente (come il Login).<\/li>\n<\/ul>\n<\/li>\n<\/ul>\n<ul>\n<li><b>i c.d. &#8220;cookies analytics&#8221;<\/b> per raccogliere informazioni in forma anonima e aggregata sull \u2018utilizzo dei siti, sul numero degli utenti e su come questi visitano tali siti. Centro Tice ONLUS, per ridurre il potere identificativo dei cookies, cela una porzione significativa dell&#8217;indirizzo IP. Ha poi impostato il servizio in modo che le terze parti non siano autorizzate ad incrociare le informazioni raccolte con altre in loro possesso.<\/li>\n<\/ul>\n<ul>\n<li><b>i c.d. cookie di profilazione e marketing<\/b>, utilizzati esclusivamente da terze parti diverse dal titolare del presente sito per raccogliere informazioni sul comportamento deli utenti durante la navigazione, e sugli interessi e abitudini di consumo,<br \/>\nanche al fine di fornire pubblicit\u00e0 personalizzata.<\/li>\n<\/ul>\n<div>\n<p>Le informazioni sull&#8217;uso dei detti cookies e sulle finalit\u00e0 degli stessi, nonch\u00e9 sulle modalit\u00e0 per l&#8217;eventuale disabilitazione, sono fornite direttamente dalle terze parti alle pagine indicate di seguito. In particolare il presente sito utilizza cookies<br \/>\ndelle seguenti terze parti:<\/p>\n<ul>\n<li><b>Google Analytics<\/b>: uno strumento di analisi di Google che attraverso l&#8217;uso di cookies (performance cookies), raccoglie dati di navigazione anonimi (IP troncati all&#8217;ultimo ottetto) ed esclusivamente aggregati allo scopo di esaminare l&#8217;uso<br \/>\ndel sito da parte degli utenti, compilare report sulle attivit\u00e0 nel sito e fornire altre informazioni, compreso il numero dei visitatori e le pagine visitate. Google pu\u00f2 anche trasferire queste informazioni a terzi ove ci\u00f2 sia imposto dalla<br \/>\nlegge o laddove tali terzi trattino le suddette informazioni per conto di Google. Google non assocer\u00e0 l&#8217;indirizzo Ip a nessun altro dato posseduto da Google. I dati trasmessi a Google sono depositati presso i server di Google negli Stati Uniti.<br \/>\nIn base a specifico accordo con Google, che \u00e8 designato quale responsabile del trattamento dei dati, questi si impegna a trattare i dati in base alle richieste del Titolare (vedi in fondo all&#8217;informativa), impartite tramite le impostazioni<br \/>\ndel software. In base a tali impostazioni le opzioni pubblicitarie e di condivisione dei dati sono disattive. Ulteriori informazioni sui cookies di Google Analytics si trovano alla pagina\u00a0<b><a href=\"https:\/\/developers.google.com\/analytics\/devguides\/collection\/analyticsjs\/cookie-usage\" rel=\"nofollow noopener\" target=\"_blank\">Google Analytics Cookie Usage on Websites<\/a><\/b>.<br \/>\n<b>L&#8217;utente pu\u00f2 disabilitare (opt-out) in modo selettivo la raccolta dei dati da parte di Google Analytics<\/b>\u00a0installando sul proprio browser l&#8217;apposito\u00a0<b><a href=\"https:\/\/tools.google.com\/dlpage\/gaoptout\" rel=\"nofollow noopener\" target=\"_blank\">componente fornito da Google<\/a><\/b> (opt-out).<\/li>\n<li><b>Google Inc.<\/b> Per informazioni sull&#8217;uso dei dati e sul loro trattamento da parte di Google si raccomanda di prendere visione dell&#8217;informativa privacy di Google e delle\u00a0<a href=\"https:\/\/policies.google.com\/technologies\/partner-sites?hl=it\" rel=\"nofollow noopener\" target=\"_blank\">Modalit\u00e0 di utilizzo dei dati da parte di Google quando si utilizzano siti o app dei partner<\/a>.<b>Per ricevere ulteriori dettagli sulla policy privacy di Google clicca su link<\/b><br \/>\n<a href=\"https:\/\/policies.google.com\/technologies\/types?hl=it\" rel=\"nofollow noopener\" target=\"_blank\">policies.google.com<\/a><\/li>\n<li><b>Plugin Social Network:<\/b> il presente sito incorpora anche plugin e\/o bottoni per i social network, al fine di consentire una facile condivisione dei contenuti sui vostri social network preferiti. Tali plugin sono programmati in modo da non<br \/>\nimpostare alcun cookie all&#8217;accesso della pagina, per salvaguardare la privacy degli utenti. Eventualmente i cookie vengono impostati, se cos\u00ec previsto dai social network, solo quando l&#8217;utente fa effettivo e volontario uso del plugin. Si tenga<br \/>\npresente che se l&#8217;utente naviga essendo loggato nel social network allora ha gi\u00e0 acconsentito all&#8217;uso dei cookie veicolati tramite questo sito al momento dell&#8217;iscrizione al social network. La raccolta e l&#8217;uso delle informazioni ottenute a<br \/>\nmezzo del plugin sono regolati dalle rispettive informative privacy dei social network, alle quali si prega di fare riferimento.<\/p>\n<ul>\n<li><a href=\"https:\/\/www.facebook.com\/help\/cookies\/\" rel=\"nofollow noopener\" target=\"_blank\">Facebook<\/a><\/li>\n<li><a href=\"https:\/\/support.twitter.com\/articles\/20170519-uso-dei-cookie-e-di-altre-tecnologie-simili-da-parte-di-twitter\" rel=\"nofollow noopener\" target=\"_blank\">Twitter<\/a><\/li>\n<li><a href=\"https:\/\/www.linkedin.com\/legal\/cookie-policy\" rel=\"nofollow noopener\" target=\"_blank\">LinkedIn<\/a><\/li>\n<li><a href=\"http:\/\/www.google.it\/intl\/it\/policies\/technologies\/cookies\/\" rel=\"nofollow noopener\" target=\"_blank\">Google+<\/a><\/li>\n<\/ul>\n<\/li>\n<\/ul>\n<\/div>\n<div>Le politiche di conservazione dei cookies sono decise dal visitatore tramite le impostazioni del Browser.<\/div>\n<div>\n<p>Il trattamento \u00e8 effettuato nel rispetto delle disposizioni del Garante del 8 maggio 2014. Utilizzando il sito il visitatore acconsente espressamente all&#8217;uso dei cookies. L&#8217;utilizzo di cookies tecnici e analytics \u00e8 consentito alle condizioni indicate<br \/>\nsenza necessit\u00e0 del consenso. L&#8217;utilizzo di cookies di profilazione di terze parti \u00e8 ammesso fatta salva la facolt\u00e0 di negare il consenso.\u00a0<strong>Il consenso per i cookies di profilazione pu\u00f2 essere revocato direttamente alle terze parti.<\/strong><\/p>\n<p><strong>Si rammenta che \u00e8 sempre possibile, utilizzando il proprio browser, impedire che i cookies, di qualsiasi natura, siano scaricati sul proprio sistema e\/o rimuoverli da esso una volta scaricati.<\/strong> I cookies sono collegati al browser utilizzato<br \/>\nand\u00a0<strong>possono essere disabilitati direttamente dal browser.<\/strong>\u00a0E&#8217; sempre possibile, utilizzando il proprio browser, impedire che i cookies, di qualsiasi natura, siano scaricati sul proprio sistema e\/o rimuoverli da esso una volta scaricati.<br \/>\nLa disabilitazione dei &#8220;cookies tecnici&#8221; pu\u00f2 rendere difficoltosa la navigazione del sito e in alcuni casi pu\u00f2 impedire la fruizione di servizi. Le istruzioni per la disabilitazione dei cookies si trovano alle seguenti pagine web:<\/p>\n<ul>\n<li><a href=\"https:\/\/support.mozilla.org\/it\/kb\/Attivare%20e%20disattivare%20i%20cookie\" rel=\"nofollow noopener\" target=\"_blank\">Mozilla Firefox<\/a><\/li>\n<li><a href=\"https:\/\/support.microsoft.com\/it-it\/help\/17442\/windows-internet-explorer-delete-manage-cookies\" rel=\"nofollow noopener\" target=\"_blank\">Microsoft Internet Explorer\u00a0<\/a><\/li>\n<li><a href=\"https:\/\/support.microsoft.com\/it-it\/help\/4027947\/windows-delete-cookies\" rel=\"nofollow noopener\" target=\"_blank\">Microsoft Edge<\/a><\/li>\n<li><a href=\"https:\/\/support.google.com\/chrome\/answer\/95647?hl=it\" rel=\"nofollow noopener\" target=\"_blank\">Google Chrome\u00a0<\/a><\/li>\n<li><a href=\"https:\/\/www.computerhope.com\/issues\/ch000509.htm#opera\" rel=\"nofollow noopener\" target=\"_blank\">Opera\u00a0<\/a><\/li>\n<li><a href=\"https:\/\/support.apple.com\/it-it\/HT201265\" rel=\"nofollow noopener\" target=\"_blank\">Apple Safari\u00a0<\/a><\/li>\n<\/ul>\n<\/div>\n<div>\n<p>Le terze parti che utilizzano i cookies di profilazione possono risiedere fuori dall&#8217;Unione Europea. SI prega di visionare la policy privacy delle terze parti coinvolte. Il presente sito potrebbe condividere alcuni dei dati raccolti con servizi localizzati<br \/>\nal di fuori dell&#8217;area dell&#8217;Unione Europea. In particolare con Google, Facebook e Microsoft (LinkedIn) tramite i social plugin e il servizio di Google Analytics. Il trasferimento \u00e8 autorizzato in base a specifiche decisioni dell&#8217;Unione Europea e del<br \/>\nGarante per la tutela dei dati personali<a href=\"http:\/\/www.garanteprivacy.it\/home\/provvedimenti-normativa\/normativa\/normativa-comunitaria-e-intenazionale\/trasferimento-dei-dati-verso-paesi-terzi\" rel=\"nofollow noopener\" target=\"_blank\">\u00a0www.garanteprivacy.it\u00a0<\/a>in particolare la decisione<br \/>\n1250\/2016 (Privacy Shield\u00a0<a href=\"http:\/\/eur-lex.europa.eu\/legal-content\/IT\/TXT\/?uri=CELEX%3A32016D1250\" rel=\"nofollow noopener\" target=\"_blank\">\u00a0eur-lex.europa.eu<\/a>) per cui non occorre ulteriore consenso. Le aziende sopra menzionate garantiscono la propria adesione al Privacy Shield.<br \/>\nL&#8217;utente \u00e8 invitato a prendere visione della <a href=\"https:\/\/centrotice.it\/en\/privacy-policy\/\" target=\"_blank\" rel=\"noopener noreferrer\">Privacy Policy<\/a> del sito nel rispetto del Regolamento (UE) 2016\/679<\/p>\n<\/div>","protected":false},"excerpt":{"rendered":"<p>Sono utilizzati: i c.d. &#8220;cookie tecnici&#8221;\u00a0per garantire la normale navigazione del sito e la fruizione dei suoi servizi: cookie di sessione sono essenziali per poter distinguere tra gli utenti collegati, e sono utili per evitare che una funzionalit\u00e0 richiesta possa essere fornita all&#8217;utente sbagliato, nonch\u00e9 per fini di sicurezza per impedire attacchi informatici al sito. [&hellip;]<\/p>","protected":false},"author":2,"featured_media":0,"parent":0,"menu_order":0,"comment_status":"closed","ping_status":"closed","template":"","meta":[],"_links":{"self":[{"href":"https:\/\/centrotice.it\/en\/wp-json\/wp\/v2\/pages\/7"}],"collection":[{"href":"https:\/\/centrotice.it\/en\/wp-json\/wp\/v2\/pages"}],"about":[{"href":"https:\/\/centrotice.it\/en\/wp-json\/wp\/v2\/types\/page"}],"author":[{"embeddable":true,"href":"https:\/\/centrotice.it\/en\/wp-json\/wp\/v2\/users\/2"}],"replies":[{"embeddable":true,"href":"https:\/\/centrotice.it\/en\/wp-json\/wp\/v2\/comments?post=7"}],"version-history":[{"count":4,"href":"https:\/\/centrotice.it\/en\/wp-json\/wp\/v2\/pages\/7\/revisions"}],"predecessor-version":[{"id":5150,"href":"https:\/\/centrotice.it\/en\/wp-json\/wp\/v2\/pages\/7\/revisions\/5150"}],"wp:attachment":[{"href":"https:\/\/centrotice.it\/en\/wp-json\/wp\/v2\/media?parent=7"}],"curies":[{"name":"wp","href":"https:\/\/api.w.org\/{rel}","templated":true}]}}